{"id":1313,"date":"2024-07-17T16:29:46","date_gmt":"2024-07-17T16:29:46","guid":{"rendered":"https:\/\/advancedeye2020.com\/?page_id=1313"},"modified":"2025-10-17T08:41:58","modified_gmt":"2025-10-17T15:41:58","slug":"accessibility","status":"publish","type":"page","link":"https:\/\/lunet.ca\/fr\/accessibility\/","title":{"rendered":"D\u00e9claration d'accessibilit\u00e9"},"content":{"rendered":"<div class=\"wp-block-cover home-feature\" style=\"min-height:200px;aspect-ratio:unset;\"><img loading=\"lazy\" decoding=\"async\" width=\"1296\" height=\"747\" class=\"wp-block-cover__image-background wp-image-2530 size-full\" alt=\"\" src=\"https:\/\/lunet.ca\/wp-content\/uploads\/2025\/10\/Store-Levis.jpg\" data-object-fit=\"cover\" srcset=\"https:\/\/lunet.ca\/wp-content\/uploads\/2025\/10\/Store-Levis.jpg 1296w, https:\/\/lunet.ca\/wp-content\/uploads\/2025\/10\/Store-Levis-300x173.jpg 300w, https:\/\/lunet.ca\/wp-content\/uploads\/2025\/10\/Store-Levis-1024x590.jpg 1024w, https:\/\/lunet.ca\/wp-content\/uploads\/2025\/10\/Store-Levis-768x443.jpg 768w, https:\/\/lunet.ca\/wp-content\/uploads\/2025\/10\/Store-Levis-18x10.jpg 18w\" sizes=\"auto, (max-width: 1296px) 100vw, 1296px\" \/><span aria-hidden=\"true\" class=\"wp-block-cover__background has-black-background-color has-background-dim-20 has-background-dim\"><\/span><div class=\"wp-block-cover__inner-container is-layout-flow wp-block-cover-is-layout-flow\">\n<div style=\"height:150px\" aria-hidden=\"true\" class=\"wp-block-spacer\"><\/div>\n\n\n<div class=\"wp-bootstrap-blocks-container container mb-2\">\n\t\n\n<h2 class=\"wp-block-heading has-text-align-center\">D\u00e9claration d'accessibilit\u00e9<\/h2>\n\n\n\n<div style=\"height:50px\" aria-hidden=\"true\" class=\"wp-block-spacer\"><\/div>\n\n<\/div>\n<\/div><\/div>\n\n\n\n<div style=\"height:60px\" aria-hidden=\"true\" class=\"wp-block-spacer\"><\/div>\n\n\n<div class=\"wp-bootstrap-blocks-container container mb-2\">\n\t\n<div class=\"wp-bootstrap-blocks-container container mb-2\">\n\t\n\n<h2 class=\"wp-block-heading\">D\u00e9claration d'accessibilit\u00e9 du web&nbsp;<\/h2>\n\n\n\n<p>Au <strong>Lunet Espace Vision<\/strong>, Nous nous effor\u00e7ons d'offrir une exp\u00e9rience exceptionnelle \u00e0 tous les utilisateurs de notre site web et nous nous engageons \u00e0 en assurer l'accessibilit\u00e9.\u00a0<\/p>\n\n\n\n<h3 class=\"wp-block-heading\"><strong>Efforts pour soutenir l'accessibilit\u00e9&nbsp;<\/strong><\/h3>\n\n\n\n<p><strong>Lunet Espace Vision<\/strong> s'efforce de se conformer aux lignes directrices WCAG pour favoriser l'accessibilit\u00e9 et a pris les mesures suivantes pour garantir l'accessibilit\u00e9, y compris, mais sans s'y limiter :\u00a0<\/p>\n\n\n\n<ul class=\"wp-block-list\">\n<li>Nomination d'un sp\u00e9cialiste de l'accessibilit\u00e9 ;&nbsp;<\/li>\n\n\n\n<li>Formation \u00e0 l'accessibilit\u00e9 ;&nbsp;<\/li>\n\n\n\n<li>des objectifs et des responsabilit\u00e9s clairs en mati\u00e8re d'accessibilit\u00e9&nbsp;<\/li>\n\n\n\n<li>Tests automatis\u00e9s et manuels.&nbsp;<\/li>\n<\/ul>\n\n\n\n<h3 class=\"wp-block-heading\"><strong>Commentaires et pr\u00e9occupations&nbsp;<\/strong><\/h3>\n\n\n\n<p>Nous accueillons volontiers les commentaires et nous nous effor\u00e7ons d'am\u00e9liorer en permanence votre exp\u00e9rience et l'accessibilit\u00e9. Pour nous faire part de vos commentaires ou de vos pr\u00e9occupations, veuillez nous contacter \u00e0 l'adresse suivante&nbsp;<a href=\"mailto:webaccessibility@essilorluxottica.com\" target=\"_blank\" rel=\"noreferrer noopener\">webaccessibility@essilorluxottica.com<\/a>.&nbsp;<\/p>\n\n\n\n<div style=\"height:20px\" aria-hidden=\"true\" class=\"wp-block-spacer\"><\/div>\n\n<\/div>\n\n<\/div>\n\n\n\n<div style=\"height:60px\" aria-hidden=\"true\" class=\"wp-block-spacer\"><\/div>","protected":false},"excerpt":{"rendered":"","protected":false},"author":1,"featured_media":0,"parent":0,"menu_order":0,"comment_status":"closed","ping_status":"closed","template":"","meta":{"_acf_changed":false,"footnotes":""},"class_list":["post-1313","page","type-page","status-publish","hentry"],"acf":[],"yoast_head":"<!-- This site is optimized with the Yoast SEO plugin v27.4 - https:\/\/yoast.com\/product\/yoast-seo-wordpress\/ -->\n<title>Accessibility Statement - Lun\u00ebt Espace Vision<\/title>\n<meta name=\"description\" content=\"View the accessibility statement of Lun\u00ebt Espace Vision to improve your browsing experience. Questions, call our office.\" \/>\n<meta name=\"robots\" content=\"index, follow, max-snippet:-1, max-image-preview:large, max-video-preview:-1\" \/>\n<link rel=\"canonical\" href=\"https:\/\/lunet.ca\/fr\/accessibility\/\" \/>\n<meta property=\"og:locale\" content=\"fr_CA\" \/>\n<meta property=\"og:type\" content=\"article\" \/>\n<meta property=\"og:title\" content=\"Accessibility Statement - Lun\u00ebt Espace Vision\" \/>\n<meta property=\"og:description\" content=\"View the accessibility statement of Lun\u00ebt Espace Vision to improve your browsing experience. Questions, call our office.\" \/>\n<meta property=\"og:url\" content=\"https:\/\/lunet.ca\/fr\/accessibility\/\" \/>\n<meta property=\"og:site_name\" content=\"Lun\u00ebt Espace Vision\" \/>\n<meta property=\"article:modified_time\" content=\"2025-10-17T15:41:58+00:00\" \/>\n<meta property=\"og:image\" content=\"https:\/\/lunet.ca\/wp-content\/uploads\/2025\/10\/Store-Levis.jpg\" \/>\n\t<meta property=\"og:image:width\" content=\"1296\" \/>\n\t<meta property=\"og:image:height\" content=\"747\" \/>\n\t<meta property=\"og:image:type\" content=\"image\/jpeg\" \/>\n<meta name=\"twitter:card\" content=\"summary_large_image\" \/>\n<meta name=\"twitter:label1\" content=\"Estimation du temps de lecture\" \/>\n\t<meta name=\"twitter:data1\" content=\"1 minute\" \/>\n<script type=\"application\/ld+json\" class=\"yoast-schema-graph\">{\"@context\":\"https:\\\/\\\/schema.org\",\"@graph\":[{\"@type\":\"WebPage\",\"@id\":\"https:\\\/\\\/lunet.ca\\\/accessibility\\\/\",\"url\":\"https:\\\/\\\/lunet.ca\\\/accessibility\\\/\",\"name\":\"Accessibility Statement - Lun\u00ebt Espace Vision\",\"isPartOf\":{\"@id\":\"https:\\\/\\\/lunet.ca\\\/#website\"},\"primaryImageOfPage\":{\"@id\":\"https:\\\/\\\/lunet.ca\\\/accessibility\\\/#primaryimage\"},\"image\":{\"@id\":\"https:\\\/\\\/lunet.ca\\\/accessibility\\\/#primaryimage\"},\"thumbnailUrl\":\"https:\\\/\\\/lunet.ca\\\/wp-content\\\/uploads\\\/2025\\\/10\\\/Store-Levis.jpg\",\"datePublished\":\"2024-07-17T16:29:46+00:00\",\"dateModified\":\"2025-10-17T15:41:58+00:00\",\"description\":\"View the accessibility statement of Lun\u00ebt Espace Vision to improve your browsing experience. Questions, call our office.\",\"breadcrumb\":{\"@id\":\"https:\\\/\\\/lunet.ca\\\/accessibility\\\/#breadcrumb\"},\"inLanguage\":\"fr-CA\",\"potentialAction\":[{\"@type\":\"ReadAction\",\"target\":[\"https:\\\/\\\/lunet.ca\\\/accessibility\\\/\"]}]},{\"@type\":\"ImageObject\",\"inLanguage\":\"fr-CA\",\"@id\":\"https:\\\/\\\/lunet.ca\\\/accessibility\\\/#primaryimage\",\"url\":\"https:\\\/\\\/lunet.ca\\\/wp-content\\\/uploads\\\/2025\\\/10\\\/Store-Levis.jpg\",\"contentUrl\":\"https:\\\/\\\/lunet.ca\\\/wp-content\\\/uploads\\\/2025\\\/10\\\/Store-Levis.jpg\"},{\"@type\":\"BreadcrumbList\",\"@id\":\"https:\\\/\\\/lunet.ca\\\/accessibility\\\/#breadcrumb\",\"itemListElement\":[{\"@type\":\"ListItem\",\"position\":1,\"name\":\"Home\",\"item\":\"https:\\\/\\\/lunet.ca\\\/\"},{\"@type\":\"ListItem\",\"position\":2,\"name\":\"Accessibility Statement\"}]},{\"@type\":\"WebSite\",\"@id\":\"https:\\\/\\\/lunet.ca\\\/#website\",\"url\":\"https:\\\/\\\/lunet.ca\\\/\",\"name\":\"Lun\u00ebt Espace Vision\",\"description\":\"Blainville, Levis, and Quebec\",\"potentialAction\":[{\"@type\":\"SearchAction\",\"target\":{\"@type\":\"EntryPoint\",\"urlTemplate\":\"https:\\\/\\\/lunet.ca\\\/?s={search_term_string}\"},\"query-input\":{\"@type\":\"PropertyValueSpecification\",\"valueRequired\":true,\"valueName\":\"search_term_string\"}}],\"inLanguage\":\"fr-CA\"}]}<\/script>\n<!-- \/ Yoast SEO plugin. -->","yoast_head_json":{"title":"D\u00e9claration d'accessibilit\u00e9 - Lun\u00ebt Espace Vision","description":"Consultez la d\u00e9claration d'accessibilit\u00e9 de Lun\u00ebt Espace Vision pour am\u00e9liorer votre exp\u00e9rience de navigation. Si vous avez des questions, appelez notre bureau.","robots":{"index":"index","follow":"follow","max-snippet":"max-snippet:-1","max-image-preview":"max-image-preview:large","max-video-preview":"max-video-preview:-1"},"canonical":"https:\/\/lunet.ca\/fr\/accessibility\/","og_locale":"fr_CA","og_type":"article","og_title":"Accessibility Statement - Lun\u00ebt Espace Vision","og_description":"View the accessibility statement of Lun\u00ebt Espace Vision to improve your browsing experience. Questions, call our office.","og_url":"https:\/\/lunet.ca\/fr\/accessibility\/","og_site_name":"Lun\u00ebt Espace Vision","article_modified_time":"2025-10-17T15:41:58+00:00","og_image":[{"width":1296,"height":747,"url":"https:\/\/lunet.ca\/wp-content\/uploads\/2025\/10\/Store-Levis.jpg","type":"image\/jpeg"}],"twitter_card":"summary_large_image","twitter_misc":{"Estimation du temps de lecture":"1 minute"},"schema":{"@context":"https:\/\/schema.org","@graph":[{"@type":"WebPage","@id":"https:\/\/lunet.ca\/accessibility\/","url":"https:\/\/lunet.ca\/accessibility\/","name":"D\u00e9claration d'accessibilit\u00e9 - Lun\u00ebt Espace Vision","isPartOf":{"@id":"https:\/\/lunet.ca\/#website"},"primaryImageOfPage":{"@id":"https:\/\/lunet.ca\/accessibility\/#primaryimage"},"image":{"@id":"https:\/\/lunet.ca\/accessibility\/#primaryimage"},"thumbnailUrl":"https:\/\/lunet.ca\/wp-content\/uploads\/2025\/10\/Store-Levis.jpg","datePublished":"2024-07-17T16:29:46+00:00","dateModified":"2025-10-17T15:41:58+00:00","description":"Consultez la d\u00e9claration d'accessibilit\u00e9 de Lun\u00ebt Espace Vision pour am\u00e9liorer votre exp\u00e9rience de navigation. Si vous avez des questions, appelez notre bureau.","breadcrumb":{"@id":"https:\/\/lunet.ca\/accessibility\/#breadcrumb"},"inLanguage":"fr-CA","potentialAction":[{"@type":"ReadAction","target":["https:\/\/lunet.ca\/accessibility\/"]}]},{"@type":"ImageObject","inLanguage":"fr-CA","@id":"https:\/\/lunet.ca\/accessibility\/#primaryimage","url":"https:\/\/lunet.ca\/wp-content\/uploads\/2025\/10\/Store-Levis.jpg","contentUrl":"https:\/\/lunet.ca\/wp-content\/uploads\/2025\/10\/Store-Levis.jpg"},{"@type":"BreadcrumbList","@id":"https:\/\/lunet.ca\/accessibility\/#breadcrumb","itemListElement":[{"@type":"ListItem","position":1,"name":"Home","item":"https:\/\/lunet.ca\/"},{"@type":"ListItem","position":2,"name":"Accessibility Statement"}]},{"@type":"WebSite","@id":"https:\/\/lunet.ca\/#website","url":"https:\/\/lunet.ca\/","name":"Lun\u00ebt Espace Vision","description":"Blainville, L\u00e9vis et Qu\u00e9bec","potentialAction":[{"@type":"SearchAction","target":{"@type":"EntryPoint","urlTemplate":"https:\/\/lunet.ca\/?s={search_term_string}"},"query-input":{"@type":"PropertyValueSpecification","valueRequired":true,"valueName":"search_term_string"}}],"inLanguage":"fr-CA"}]}},"_links":{"self":[{"href":"https:\/\/lunet.ca\/fr\/wp-json\/wp\/v2\/pages\/1313","targetHints":{"allow":["GET"]}}],"collection":[{"href":"https:\/\/lunet.ca\/fr\/wp-json\/wp\/v2\/pages"}],"about":[{"href":"https:\/\/lunet.ca\/fr\/wp-json\/wp\/v2\/types\/page"}],"author":[{"embeddable":true,"href":"https:\/\/lunet.ca\/fr\/wp-json\/wp\/v2\/users\/1"}],"replies":[{"embeddable":true,"href":"https:\/\/lunet.ca\/fr\/wp-json\/wp\/v2\/comments?post=1313"}],"version-history":[{"count":9,"href":"https:\/\/lunet.ca\/fr\/wp-json\/wp\/v2\/pages\/1313\/revisions"}],"predecessor-version":[{"id":2558,"href":"https:\/\/lunet.ca\/fr\/wp-json\/wp\/v2\/pages\/1313\/revisions\/2558"}],"wp:attachment":[{"href":"https:\/\/lunet.ca\/fr\/wp-json\/wp\/v2\/media?parent=1313"}],"curies":[{"name":"wp","href":"https:\/\/api.w.org\/{rel}","templated":true}]}}