{"id":17,"date":"2022-02-07T18:24:06","date_gmt":"2022-02-07T18:24:06","guid":{"rendered":"https:\/\/clinixconnect.com\/?page_id=17"},"modified":"2026-05-08T11:00:32","modified_gmt":"2026-05-08T18:00:32","slug":"home","status":"publish","type":"page","link":"https:\/\/lunet.ca\/fr\/","title":{"rendered":"Accueil"},"content":{"rendered":"<div class=\"wp-block-cover home-feature\" style=\"min-height:500px;aspect-ratio:unset;\"><img loading=\"lazy\" decoding=\"async\" width=\"1500\" height=\"492\" class=\"wp-block-cover__image-background wp-image-2711 size-full\" alt=\"\" src=\"https:\/\/lunet.ca\/wp-content\/uploads\/2026\/05\/Lunet-Healthy-Vision-Month-Eye-Exam.jpg\" data-object-fit=\"cover\" srcset=\"https:\/\/lunet.ca\/wp-content\/uploads\/2026\/05\/Lunet-Healthy-Vision-Month-Eye-Exam.jpg 1500w, https:\/\/lunet.ca\/wp-content\/uploads\/2026\/05\/Lunet-Healthy-Vision-Month-Eye-Exam-300x98.jpg 300w, https:\/\/lunet.ca\/wp-content\/uploads\/2026\/05\/Lunet-Healthy-Vision-Month-Eye-Exam-1024x336.jpg 1024w, https:\/\/lunet.ca\/wp-content\/uploads\/2026\/05\/Lunet-Healthy-Vision-Month-Eye-Exam-768x252.jpg 768w, https:\/\/lunet.ca\/wp-content\/uploads\/2026\/05\/Lunet-Healthy-Vision-Month-Eye-Exam-18x6.jpg 18w\" sizes=\"auto, (max-width: 1500px) 100vw, 1500px\" \/><span aria-hidden=\"true\" class=\"wp-block-cover__background has-black-background-color has-background-dim-0 has-background-dim\"><\/span><div class=\"wp-block-cover__inner-container is-layout-flow wp-block-cover-is-layout-flow\">\n<div style=\"height:130px\" aria-hidden=\"true\" class=\"wp-block-spacer\"><\/div>\n\n\n<div class=\"wp-bootstrap-blocks-container container mb-2\">\n\t\n\n<div class=\"wp-block-columns is-layout-flex wp-container-core-columns-is-layout-9d6595d7 wp-block-columns-is-layout-flex\">\n<div class=\"wp-block-column is-layout-flow wp-block-column-is-layout-flow\" style=\"flex-basis:33.33%\">\n<div style=\"height:50px\" aria-hidden=\"true\" class=\"wp-block-spacer\"><\/div>\n<\/div>\n\n\n\n<div class=\"wp-block-column is-layout-flow wp-block-column-is-layout-flow\" style=\"flex-basis:66.66%\">\n<h2 class=\"wp-block-heading has-text-align-right\"><strong>C'est toujours le bon moment pour prendre soin de vos yeux.<\/strong><\/h2>\n\n\n\n<p class=\"has-text-align-right\">Prot\u00e9ger votre vision aujourd'hui permet de pr\u00e9server une vue claire et confortable pendant des ann\u00e9es. Des examens de la vue r\u00e9guliers font plus que vous aider \u00e0 voir clairement. Faire de la sant\u00e9 de vos yeux une priorit\u00e9 maintenant est l'un des moyens les plus efficaces de prot\u00e9ger votre vue \u00e0 long terme.<\/p>\n<\/div>\n<\/div>\n\n\n\n<div style=\"height:50px\" aria-hidden=\"true\" class=\"wp-block-spacer\"><\/div>\n\n<\/div>\n<\/div><\/div>\n\n\n\n<div class=\"wp-block-cover home-feature\" style=\"min-height:500px;aspect-ratio:unset;\"><img loading=\"lazy\" decoding=\"async\" width=\"2560\" height=\"895\" class=\"wp-block-cover__image-background wp-image-2500 size-full\" alt=\"\" src=\"https:\/\/lunet.ca\/wp-content\/uploads\/2025\/10\/lunet_slide1-scaled-1.jpg\" style=\"object-position:72% 51%\" data-object-fit=\"cover\" data-object-position=\"72% 51%\" srcset=\"https:\/\/lunet.ca\/wp-content\/uploads\/2025\/10\/lunet_slide1-scaled-1.jpg 2560w, https:\/\/lunet.ca\/wp-content\/uploads\/2025\/10\/lunet_slide1-scaled-1-300x105.jpg 300w, https:\/\/lunet.ca\/wp-content\/uploads\/2025\/10\/lunet_slide1-scaled-1-1024x358.jpg 1024w, https:\/\/lunet.ca\/wp-content\/uploads\/2025\/10\/lunet_slide1-scaled-1-768x269.jpg 768w, https:\/\/lunet.ca\/wp-content\/uploads\/2025\/10\/lunet_slide1-scaled-1-1536x537.jpg 1536w, https:\/\/lunet.ca\/wp-content\/uploads\/2025\/10\/lunet_slide1-scaled-1-2048x716.jpg 2048w, https:\/\/lunet.ca\/wp-content\/uploads\/2025\/10\/lunet_slide1-scaled-1-18x6.jpg 18w\" sizes=\"auto, (max-width: 2560px) 100vw, 2560px\" \/><span aria-hidden=\"true\" class=\"wp-block-cover__background has-black-background-color has-background-dim-20 has-background-dim\"><\/span><div class=\"wp-block-cover__inner-container is-layout-flow wp-block-cover-is-layout-flow\">\n<div style=\"height:100px\" aria-hidden=\"true\" class=\"wp-block-spacer\"><\/div>\n\n\n<div class=\"wp-bootstrap-blocks-container container mb-2\">\n\t\n\n<div class=\"wp-block-columns is-layout-flex wp-container-core-columns-is-layout-9d6595d7 wp-block-columns-is-layout-flex\">\n<div class=\"wp-block-column is-layout-flow wp-block-column-is-layout-flow\" style=\"flex-basis:75%\">\n<h2 class=\"wp-block-heading\">Changez de style plus souvent !<\/h2>\n\n\n\n<p>40% OFFRE d'une deuxi\u00e8me paire de montures et de verres \u00e0 l'achat d'une paire compl\u00e8te.<\/p>\n<\/div>\n\n\n\n<div class=\"wp-block-column is-layout-flow wp-block-column-is-layout-flow\" style=\"flex-basis:25%\">\n<div style=\"height:50px\" aria-hidden=\"true\" class=\"wp-block-spacer\"><\/div>\n<\/div>\n<\/div>\n\n\n\n<div style=\"height:50px\" aria-hidden=\"true\" class=\"wp-block-spacer\"><\/div>\n\n<\/div>\n<\/div><\/div>\n\n\n\n<div class=\"wp-block-cover home-feature\" style=\"min-height:500px;aspect-ratio:unset;\"><img loading=\"lazy\" decoding=\"async\" width=\"2560\" height=\"895\" class=\"wp-block-cover__image-background wp-image-2502 size-full\" alt=\"\" src=\"https:\/\/lunet.ca\/wp-content\/uploads\/2025\/10\/lunet_slide2.jpg\" data-object-fit=\"cover\" srcset=\"https:\/\/lunet.ca\/wp-content\/uploads\/2025\/10\/lunet_slide2.jpg 2560w, https:\/\/lunet.ca\/wp-content\/uploads\/2025\/10\/lunet_slide2-300x105.jpg 300w, https:\/\/lunet.ca\/wp-content\/uploads\/2025\/10\/lunet_slide2-1024x358.jpg 1024w, https:\/\/lunet.ca\/wp-content\/uploads\/2025\/10\/lunet_slide2-768x269.jpg 768w, https:\/\/lunet.ca\/wp-content\/uploads\/2025\/10\/lunet_slide2-1536x537.jpg 1536w, https:\/\/lunet.ca\/wp-content\/uploads\/2025\/10\/lunet_slide2-2048x716.jpg 2048w, https:\/\/lunet.ca\/wp-content\/uploads\/2025\/10\/lunet_slide2-18x6.jpg 18w\" sizes=\"auto, (max-width: 2560px) 100vw, 2560px\" \/><span aria-hidden=\"true\" class=\"wp-block-cover__background has-black-background-color has-background-dim-20 has-background-dim\"><\/span><div class=\"wp-block-cover__inner-container is-layout-flow wp-block-cover-is-layout-flow\">\n<div style=\"height:100px\" aria-hidden=\"true\" class=\"wp-block-spacer\"><\/div>\n\n\n<div class=\"wp-bootstrap-blocks-container container mb-2\">\n\t\n\n<div class=\"wp-block-columns is-layout-flex wp-container-core-columns-is-layout-9d6595d7 wp-block-columns-is-layout-flex\">\n<div class=\"wp-block-column is-layout-flow wp-block-column-is-layout-flow\" style=\"flex-basis:25%\">\n<div style=\"height:50px\" aria-hidden=\"true\" class=\"wp-block-spacer\"><\/div>\n<\/div>\n\n\n\n<div class=\"wp-block-column is-layout-flow wp-block-column-is-layout-flow\" style=\"flex-basis:75%\">\n<h2 class=\"wp-block-heading has-text-align-right\">\u00c9conomisez sur les lentilles de contact<\/h2>\n\n\n\n<p class=\"has-text-align-right\">15% sur l'achat d'un stock annuel de lentilles de contact. D'autres remises et \u00e9conomies peuvent \u00eatre disponibles.<\/p>\n<\/div>\n<\/div>\n\n\n\n<div style=\"height:50px\" aria-hidden=\"true\" class=\"wp-block-spacer\"><\/div>\n\n<\/div>\n<\/div><\/div>\n\n\n\n<div class=\"wp-block-cover home-feature\" style=\"min-height:500px;aspect-ratio:unset;\"><img loading=\"lazy\" decoding=\"async\" width=\"2560\" height=\"895\" class=\"wp-block-cover__image-background wp-image-2503 size-full\" alt=\"\" src=\"https:\/\/lunet.ca\/wp-content\/uploads\/2025\/10\/lunet_slide4.jpg\" data-object-fit=\"cover\" srcset=\"https:\/\/lunet.ca\/wp-content\/uploads\/2025\/10\/lunet_slide4.jpg 2560w, https:\/\/lunet.ca\/wp-content\/uploads\/2025\/10\/lunet_slide4-300x105.jpg 300w, https:\/\/lunet.ca\/wp-content\/uploads\/2025\/10\/lunet_slide4-1024x358.jpg 1024w, https:\/\/lunet.ca\/wp-content\/uploads\/2025\/10\/lunet_slide4-768x269.jpg 768w, https:\/\/lunet.ca\/wp-content\/uploads\/2025\/10\/lunet_slide4-1536x537.jpg 1536w, https:\/\/lunet.ca\/wp-content\/uploads\/2025\/10\/lunet_slide4-2048x716.jpg 2048w, https:\/\/lunet.ca\/wp-content\/uploads\/2025\/10\/lunet_slide4-18x6.jpg 18w\" sizes=\"auto, (max-width: 2560px) 100vw, 2560px\" \/><span aria-hidden=\"true\" class=\"wp-block-cover__background has-black-background-color has-background-dim-20 has-background-dim\"><\/span><div class=\"wp-block-cover__inner-container is-layout-flow wp-block-cover-is-layout-flow\">\n<div style=\"height:100px\" aria-hidden=\"true\" class=\"wp-block-spacer\"><\/div>\n\n\n<div class=\"wp-bootstrap-blocks-container container mb-2\">\n\t\n\n<div class=\"wp-block-columns is-layout-flex wp-container-core-columns-is-layout-9d6595d7 wp-block-columns-is-layout-flex\">\n<div class=\"wp-block-column is-layout-flow wp-block-column-is-layout-flow\" style=\"flex-basis:75%\">\n<h2 class=\"wp-block-heading\">Profitez des rayons, profitez de la vie !<\/h2>\n\n\n\n<p>20% DE REMISE SUR LES LUNETTES DE SOLEIL \u00e0 l'achat d'un stock annuel de lentilles de contact.<\/p>\n<\/div>\n\n\n\n<div class=\"wp-block-column is-layout-flow wp-block-column-is-layout-flow\" style=\"flex-basis:25%\">\n<div style=\"height:50px\" aria-hidden=\"true\" class=\"wp-block-spacer\"><\/div>\n<\/div>\n<\/div>\n\n\n\n<div style=\"height:50px\" aria-hidden=\"true\" class=\"wp-block-spacer\"><\/div>\n\n<\/div>\n<\/div><\/div>\n\n\n<div class=\"wp-bootstrap-blocks-container container mb-2\">\n\t\n\n<div style=\"height:100px\" aria-hidden=\"true\" class=\"wp-block-spacer\"><\/div>\n\n\n\n<h2 class=\"wp-block-heading has-text-align-center\">Pour les amateurs de cadres<\/h2>\n\n\n\n<p class=\"has-text-align-center\">Lun\u00ebt Espace Vision, c'est la lunette qui vous offre le meilleur choix de montures parmi les plus grandes marques, mais moins cher qu'ailleurs !<\/p>\n\n\n\n<div class=\"wp-block-columns are-vertically-aligned-center is-layout-flex wp-container-core-columns-is-layout-9d6595d7 wp-block-columns-is-layout-flex\">\n<div class=\"wp-block-column is-vertically-aligned-center is-layout-flow wp-block-column-is-layout-flow\"><div class=\"wp-block-image\">\n<figure class=\"aligncenter size-full is-resized\"><img loading=\"lazy\" decoding=\"async\" width=\"605\" height=\"229\" src=\"https:\/\/lunet.ca\/wp-content\/uploads\/2025\/10\/Coach-72324.png\" alt=\"\" class=\"wp-image-2588\" style=\"width:250px\" srcset=\"https:\/\/lunet.ca\/wp-content\/uploads\/2025\/10\/Coach-72324.png 605w, https:\/\/lunet.ca\/wp-content\/uploads\/2025\/10\/Coach-72324-300x114.png 300w, https:\/\/lunet.ca\/wp-content\/uploads\/2025\/10\/Coach-72324-18x7.png 18w\" sizes=\"auto, (max-width: 605px) 100vw, 605px\" \/><\/figure>\n<\/div><\/div>\n\n\n\n<div class=\"wp-block-column is-vertically-aligned-center is-layout-flow wp-block-column-is-layout-flow\"><div class=\"wp-block-image\">\n<figure class=\"aligncenter size-full is-resized\"><img loading=\"lazy\" decoding=\"async\" width=\"800\" height=\"188\" src=\"https:\/\/lunet.ca\/wp-content\/uploads\/2025\/10\/gucci.png\" alt=\"\" class=\"wp-image-2589\" style=\"width:250px\" srcset=\"https:\/\/lunet.ca\/wp-content\/uploads\/2025\/10\/gucci.png 800w, https:\/\/lunet.ca\/wp-content\/uploads\/2025\/10\/gucci-300x71.png 300w, https:\/\/lunet.ca\/wp-content\/uploads\/2025\/10\/gucci-768x180.png 768w, https:\/\/lunet.ca\/wp-content\/uploads\/2025\/10\/gucci-18x4.png 18w\" sizes=\"auto, (max-width: 800px) 100vw, 800px\" \/><\/figure>\n<\/div><\/div>\n\n\n\n<div class=\"wp-block-column is-vertically-aligned-center is-layout-flow wp-block-column-is-layout-flow\"><div class=\"wp-block-image\">\n<figure class=\"aligncenter size-large is-resized\"><img loading=\"lazy\" decoding=\"async\" width=\"1024\" height=\"512\" src=\"https:\/\/lunet.ca\/wp-content\/uploads\/2025\/10\/Michael-Kors-72324-1024x512.png\" alt=\"\" class=\"wp-image-2593\" style=\"width:250px\" srcset=\"https:\/\/lunet.ca\/wp-content\/uploads\/2025\/10\/Michael-Kors-72324-1024x512.png 1024w, https:\/\/lunet.ca\/wp-content\/uploads\/2025\/10\/Michael-Kors-72324-300x150.png 300w, https:\/\/lunet.ca\/wp-content\/uploads\/2025\/10\/Michael-Kors-72324-768x384.png 768w, https:\/\/lunet.ca\/wp-content\/uploads\/2025\/10\/Michael-Kors-72324-1536x768.png 1536w, https:\/\/lunet.ca\/wp-content\/uploads\/2025\/10\/Michael-Kors-72324-2048x1024.png 2048w, https:\/\/lunet.ca\/wp-content\/uploads\/2025\/10\/Michael-Kors-72324-18x9.png 18w\" sizes=\"auto, (max-width: 1024px) 100vw, 1024px\" \/><\/figure>\n<\/div><\/div>\n\n\n\n<div class=\"wp-block-column is-vertically-aligned-center is-layout-flow wp-block-column-is-layout-flow\"><div class=\"wp-block-image\">\n<figure class=\"aligncenter size-large is-resized\"><img loading=\"lazy\" decoding=\"async\" width=\"1024\" height=\"407\" src=\"https:\/\/lunet.ca\/wp-content\/uploads\/2025\/10\/Oakley-72324-1024x407.png\" alt=\"\" class=\"wp-image-2587\" style=\"width:250px\" srcset=\"https:\/\/lunet.ca\/wp-content\/uploads\/2025\/10\/Oakley-72324-1024x407.png 1024w, https:\/\/lunet.ca\/wp-content\/uploads\/2025\/10\/Oakley-72324-300x119.png 300w, https:\/\/lunet.ca\/wp-content\/uploads\/2025\/10\/Oakley-72324-768x305.png 768w, https:\/\/lunet.ca\/wp-content\/uploads\/2025\/10\/Oakley-72324-18x7.png 18w, https:\/\/lunet.ca\/wp-content\/uploads\/2025\/10\/Oakley-72324.png 1192w\" sizes=\"auto, (max-width: 1024px) 100vw, 1024px\" \/><\/figure>\n<\/div><\/div>\n<\/div>\n\n\n\n<div style=\"height:20px\" aria-hidden=\"true\" class=\"wp-block-spacer\"><\/div>\n\n\n\n<div class=\"wp-block-columns are-vertically-aligned-center is-layout-flex wp-container-core-columns-is-layout-9d6595d7 wp-block-columns-is-layout-flex\">\n<div class=\"wp-block-column is-vertically-aligned-center is-layout-flow wp-block-column-is-layout-flow\"><div class=\"wp-block-image\">\n<figure class=\"aligncenter size-full is-resized\"><img loading=\"lazy\" decoding=\"async\" width=\"2461\" height=\"792\" src=\"https:\/\/lunet.ca\/wp-content\/uploads\/2025\/10\/Polo-723724.png\" alt=\"\" class=\"wp-image-2591\" style=\"width:250px\" srcset=\"https:\/\/lunet.ca\/wp-content\/uploads\/2025\/10\/Polo-723724.png 2461w, https:\/\/lunet.ca\/wp-content\/uploads\/2025\/10\/Polo-723724-300x97.png 300w, https:\/\/lunet.ca\/wp-content\/uploads\/2025\/10\/Polo-723724-1024x330.png 1024w, https:\/\/lunet.ca\/wp-content\/uploads\/2025\/10\/Polo-723724-768x247.png 768w, https:\/\/lunet.ca\/wp-content\/uploads\/2025\/10\/Polo-723724-1536x494.png 1536w, https:\/\/lunet.ca\/wp-content\/uploads\/2025\/10\/Polo-723724-2048x659.png 2048w, https:\/\/lunet.ca\/wp-content\/uploads\/2025\/10\/Polo-723724-18x6.png 18w\" sizes=\"auto, (max-width: 2461px) 100vw, 2461px\" \/><\/figure>\n<\/div><\/div>\n\n\n\n<div class=\"wp-block-column is-vertically-aligned-center is-layout-flow wp-block-column-is-layout-flow\"><div class=\"wp-block-image\">\n<figure class=\"aligncenter size-full is-resized\"><img loading=\"lazy\" decoding=\"async\" width=\"1985\" height=\"318\" src=\"https:\/\/lunet.ca\/wp-content\/uploads\/2025\/10\/Prada-723724.png\" alt=\"\" class=\"wp-image-2590\" style=\"width:250px\" srcset=\"https:\/\/lunet.ca\/wp-content\/uploads\/2025\/10\/Prada-723724.png 1985w, https:\/\/lunet.ca\/wp-content\/uploads\/2025\/10\/Prada-723724-300x48.png 300w, https:\/\/lunet.ca\/wp-content\/uploads\/2025\/10\/Prada-723724-1024x164.png 1024w, https:\/\/lunet.ca\/wp-content\/uploads\/2025\/10\/Prada-723724-768x123.png 768w, https:\/\/lunet.ca\/wp-content\/uploads\/2025\/10\/Prada-723724-1536x246.png 1536w, https:\/\/lunet.ca\/wp-content\/uploads\/2025\/10\/Prada-723724-18x3.png 18w\" sizes=\"auto, (max-width: 1985px) 100vw, 1985px\" \/><\/figure>\n<\/div><\/div>\n\n\n\n<div class=\"wp-block-column is-vertically-aligned-center is-layout-flow wp-block-column-is-layout-flow\"><div class=\"wp-block-image\">\n<figure class=\"aligncenter size-full is-resized\"><img loading=\"lazy\" decoding=\"async\" width=\"706\" height=\"367\" src=\"https:\/\/lunet.ca\/wp-content\/uploads\/2025\/10\/RayBan-72324.png\" alt=\"\" class=\"wp-image-2585\" style=\"width:250px\" srcset=\"https:\/\/lunet.ca\/wp-content\/uploads\/2025\/10\/RayBan-72324.png 706w, https:\/\/lunet.ca\/wp-content\/uploads\/2025\/10\/RayBan-72324-300x156.png 300w, https:\/\/lunet.ca\/wp-content\/uploads\/2025\/10\/RayBan-72324-18x9.png 18w\" sizes=\"auto, (max-width: 706px) 100vw, 706px\" \/><\/figure>\n<\/div><\/div>\n\n\n\n<div class=\"wp-block-column is-vertically-aligned-center is-layout-flow wp-block-column-is-layout-flow\"><div class=\"wp-block-image\">\n<figure class=\"aligncenter size-full is-resized\"><img loading=\"lazy\" decoding=\"async\" width=\"1000\" height=\"600\" src=\"https:\/\/lunet.ca\/wp-content\/uploads\/2025\/10\/Silhouette.png\" alt=\"\" class=\"wp-image-2592\" style=\"width:250px\" srcset=\"https:\/\/lunet.ca\/wp-content\/uploads\/2025\/10\/Silhouette.png 1000w, https:\/\/lunet.ca\/wp-content\/uploads\/2025\/10\/Silhouette-300x180.png 300w, https:\/\/lunet.ca\/wp-content\/uploads\/2025\/10\/Silhouette-768x461.png 768w, https:\/\/lunet.ca\/wp-content\/uploads\/2025\/10\/Silhouette-18x12.png 18w\" sizes=\"auto, (max-width: 1000px) 100vw, 1000px\" \/><\/figure>\n<\/div><\/div>\n<\/div>\n\n\n\n<div style=\"height:40px\" aria-hidden=\"true\" class=\"wp-block-spacer\"><\/div>\n\n\n<div class=\"wp-bootstrap-blocks-button text-center\">\n\t<a\n\t\thref=\"\/fr\/eyewear\/\"\n\t\t\t\t\t\tclass=\"btn btn-primary\"\n\t>\n\t\tVoir nos marques de lunettes\t<\/a>\n<\/div>\n\n\n\n<div style=\"height:20px\" aria-hidden=\"true\" class=\"wp-block-spacer\"><\/div>\n\n\n\n<div style=\"height:100px\" aria-hidden=\"true\" class=\"wp-block-spacer\"><\/div>\n\n<\/div>","protected":false},"excerpt":{"rendered":"","protected":false},"author":1,"featured_media":0,"parent":0,"menu_order":0,"comment_status":"closed","ping_status":"closed","template":"","meta":{"_acf_changed":false,"footnotes":""},"class_list":["post-17","page","type-page","status-publish","hentry"],"acf":[],"yoast_head":"<!-- This site is optimized with the Yoast SEO plugin v27.5 - https:\/\/yoast.com\/product\/yoast-seo-wordpress\/ -->\n<title>Lun\u00ebt Espace Vision | Your eyewear at Quebec - Blainville<\/title>\n<meta name=\"description\" content=\"Eyewear in Quebec, Blainville and Levis. Lunet espace vision is a eyewear store offering more than 3,500 choices of frames.\" \/>\n<meta name=\"robots\" content=\"index, follow, max-snippet:-1, max-image-preview:large, max-video-preview:-1\" \/>\n<link rel=\"canonical\" href=\"https:\/\/lunet.ca\/fr\/\" \/>\n<meta property=\"og:locale\" content=\"fr_CA\" \/>\n<meta property=\"og:type\" content=\"article\" \/>\n<meta property=\"og:title\" content=\"Lun\u00ebt Espace Vision | Your eyewear at Quebec - Blainville\" \/>\n<meta property=\"og:description\" content=\"Eyewear in Quebec, Blainville and Levis. Lunet espace vision is a eyewear store offering more than 3,500 choices of frames.\" \/>\n<meta property=\"og:url\" content=\"https:\/\/lunet.ca\/fr\/\" \/>\n<meta property=\"og:site_name\" content=\"Lun\u00ebt Espace Vision\" \/>\n<meta property=\"article:modified_time\" content=\"2026-05-08T18:00:32+00:00\" \/>\n<meta property=\"og:image\" content=\"https:\/\/lunet.ca\/wp-content\/uploads\/2026\/05\/Lunet-Healthy-Vision-Month-Eye-Exam.jpg\" \/>\n\t<meta property=\"og:image:width\" content=\"1500\" \/>\n\t<meta property=\"og:image:height\" content=\"492\" \/>\n\t<meta property=\"og:image:type\" content=\"image\/jpeg\" \/>\n<meta name=\"twitter:card\" content=\"summary_large_image\" \/>\n<meta name=\"twitter:label1\" content=\"Estimation du temps de lecture\" \/>\n\t<meta name=\"twitter:data1\" content=\"4 minutes\" \/>\n<script type=\"application\/ld+json\" class=\"yoast-schema-graph\">{\"@context\":\"https:\\\/\\\/schema.org\",\"@graph\":[{\"@type\":\"WebPage\",\"@id\":\"https:\\\/\\\/lunet.ca\\\/\",\"url\":\"https:\\\/\\\/lunet.ca\\\/\",\"name\":\"Lun\u00ebt Espace Vision | Your eyewear at Quebec - Blainville\",\"isPartOf\":{\"@id\":\"https:\\\/\\\/lunet.ca\\\/#website\"},\"primaryImageOfPage\":{\"@id\":\"https:\\\/\\\/lunet.ca\\\/#primaryimage\"},\"image\":{\"@id\":\"https:\\\/\\\/lunet.ca\\\/#primaryimage\"},\"thumbnailUrl\":\"https:\\\/\\\/lunet.ca\\\/wp-content\\\/uploads\\\/2026\\\/05\\\/Lunet-Healthy-Vision-Month-Eye-Exam.jpg\",\"datePublished\":\"2022-02-07T18:24:06+00:00\",\"dateModified\":\"2026-05-08T18:00:32+00:00\",\"description\":\"Eyewear in Quebec, Blainville and Levis. Lunet espace vision is a eyewear store offering more than 3,500 choices of frames.\",\"breadcrumb\":{\"@id\":\"https:\\\/\\\/lunet.ca\\\/#breadcrumb\"},\"inLanguage\":\"fr-CA\",\"potentialAction\":[{\"@type\":\"ReadAction\",\"target\":[\"https:\\\/\\\/lunet.ca\\\/\"]}]},{\"@type\":\"ImageObject\",\"inLanguage\":\"fr-CA\",\"@id\":\"https:\\\/\\\/lunet.ca\\\/#primaryimage\",\"url\":\"https:\\\/\\\/lunet.ca\\\/wp-content\\\/uploads\\\/2026\\\/05\\\/Lunet-Healthy-Vision-Month-Eye-Exam.jpg\",\"contentUrl\":\"https:\\\/\\\/lunet.ca\\\/wp-content\\\/uploads\\\/2026\\\/05\\\/Lunet-Healthy-Vision-Month-Eye-Exam.jpg\"},{\"@type\":\"BreadcrumbList\",\"@id\":\"https:\\\/\\\/lunet.ca\\\/#breadcrumb\",\"itemListElement\":[{\"@type\":\"ListItem\",\"position\":1,\"name\":\"Home\",\"item\":\"https:\\\/\\\/lunet.ca\\\/\"},{\"@type\":\"ListItem\",\"position\":2,\"name\":\"Home\"}]},{\"@type\":\"WebSite\",\"@id\":\"https:\\\/\\\/lunet.ca\\\/#website\",\"url\":\"https:\\\/\\\/lunet.ca\\\/\",\"name\":\"Lun\u00ebt Espace Vision\",\"description\":\"Blainville, Levis, and Quebec\",\"potentialAction\":[{\"@type\":\"SearchAction\",\"target\":{\"@type\":\"EntryPoint\",\"urlTemplate\":\"https:\\\/\\\/lunet.ca\\\/?s={search_term_string}\"},\"query-input\":{\"@type\":\"PropertyValueSpecification\",\"valueRequired\":true,\"valueName\":\"search_term_string\"}}],\"inLanguage\":\"fr-CA\"}]}<\/script>\n<!-- \/ Yoast SEO plugin. -->","yoast_head_json":{"title":"Lun\u00ebt Espace Vision | Vos lunettes au Qu\u00e9bec - Blainville","description":"Lunet espace vision \u00e0 Qu\u00e9bec, Blainville et L\u00e9vis. Lunet espace vision est un magasin de lunettes offrant plus de 3 500 choix de montures.","robots":{"index":"index","follow":"follow","max-snippet":"max-snippet:-1","max-image-preview":"max-image-preview:large","max-video-preview":"max-video-preview:-1"},"canonical":"https:\/\/lunet.ca\/fr\/","og_locale":"fr_CA","og_type":"article","og_title":"Lun\u00ebt Espace Vision | Your eyewear at Quebec - Blainville","og_description":"Eyewear in Quebec, Blainville and Levis. Lunet espace vision is a eyewear store offering more than 3,500 choices of frames.","og_url":"https:\/\/lunet.ca\/fr\/","og_site_name":"Lun\u00ebt Espace Vision","article_modified_time":"2026-05-08T18:00:32+00:00","og_image":[{"width":1500,"height":492,"url":"https:\/\/lunet.ca\/wp-content\/uploads\/2026\/05\/Lunet-Healthy-Vision-Month-Eye-Exam.jpg","type":"image\/jpeg"}],"twitter_card":"summary_large_image","twitter_misc":{"Estimation du temps de lecture":"4 minutes"},"schema":{"@context":"https:\/\/schema.org","@graph":[{"@type":"WebPage","@id":"https:\/\/lunet.ca\/","url":"https:\/\/lunet.ca\/","name":"Lun\u00ebt Espace Vision | Vos lunettes au Qu\u00e9bec - Blainville","isPartOf":{"@id":"https:\/\/lunet.ca\/#website"},"primaryImageOfPage":{"@id":"https:\/\/lunet.ca\/#primaryimage"},"image":{"@id":"https:\/\/lunet.ca\/#primaryimage"},"thumbnailUrl":"https:\/\/lunet.ca\/wp-content\/uploads\/2026\/05\/Lunet-Healthy-Vision-Month-Eye-Exam.jpg","datePublished":"2022-02-07T18:24:06+00:00","dateModified":"2026-05-08T18:00:32+00:00","description":"Lunet espace vision \u00e0 Qu\u00e9bec, Blainville et L\u00e9vis. Lunet espace vision est un magasin de lunettes offrant plus de 3 500 choix de montures.","breadcrumb":{"@id":"https:\/\/lunet.ca\/#breadcrumb"},"inLanguage":"fr-CA","potentialAction":[{"@type":"ReadAction","target":["https:\/\/lunet.ca\/"]}]},{"@type":"ImageObject","inLanguage":"fr-CA","@id":"https:\/\/lunet.ca\/#primaryimage","url":"https:\/\/lunet.ca\/wp-content\/uploads\/2026\/05\/Lunet-Healthy-Vision-Month-Eye-Exam.jpg","contentUrl":"https:\/\/lunet.ca\/wp-content\/uploads\/2026\/05\/Lunet-Healthy-Vision-Month-Eye-Exam.jpg"},{"@type":"BreadcrumbList","@id":"https:\/\/lunet.ca\/#breadcrumb","itemListElement":[{"@type":"ListItem","position":1,"name":"Home","item":"https:\/\/lunet.ca\/"},{"@type":"ListItem","position":2,"name":"Home"}]},{"@type":"WebSite","@id":"https:\/\/lunet.ca\/#website","url":"https:\/\/lunet.ca\/","name":"Lun\u00ebt Espace Vision","description":"Blainville, L\u00e9vis et Qu\u00e9bec","potentialAction":[{"@type":"SearchAction","target":{"@type":"EntryPoint","urlTemplate":"https:\/\/lunet.ca\/?s={search_term_string}"},"query-input":{"@type":"PropertyValueSpecification","valueRequired":true,"valueName":"search_term_string"}}],"inLanguage":"fr-CA"}]}},"_links":{"self":[{"href":"https:\/\/lunet.ca\/fr\/wp-json\/wp\/v2\/pages\/17","targetHints":{"allow":["GET"]}}],"collection":[{"href":"https:\/\/lunet.ca\/fr\/wp-json\/wp\/v2\/pages"}],"about":[{"href":"https:\/\/lunet.ca\/fr\/wp-json\/wp\/v2\/types\/page"}],"author":[{"embeddable":true,"href":"https:\/\/lunet.ca\/fr\/wp-json\/wp\/v2\/users\/1"}],"replies":[{"embeddable":true,"href":"https:\/\/lunet.ca\/fr\/wp-json\/wp\/v2\/comments?post=17"}],"version-history":[{"count":246,"href":"https:\/\/lunet.ca\/fr\/wp-json\/wp\/v2\/pages\/17\/revisions"}],"predecessor-version":[{"id":2715,"href":"https:\/\/lunet.ca\/fr\/wp-json\/wp\/v2\/pages\/17\/revisions\/2715"}],"wp:attachment":[{"href":"https:\/\/lunet.ca\/fr\/wp-json\/wp\/v2\/media?parent=17"}],"curies":[{"name":"wp","href":"https:\/\/api.w.org\/{rel}","templated":true}]}}