{"id":1775,"date":"2024-09-24T19:46:16","date_gmt":"2024-09-24T19:46:16","guid":{"rendered":"https:\/\/metro.myeyesites.com\/?page_id=1775"},"modified":"2025-10-17T08:49:45","modified_gmt":"2025-10-17T15:49:45","slug":"specials","status":"publish","type":"page","link":"https:\/\/lunet.ca\/fr\/specials\/","title":{"rendered":"Sp\u00e9ciales"},"content":{"rendered":"<div class=\"wp-block-cover home-feature\" style=\"min-height:200px;aspect-ratio:unset;\"><img loading=\"lazy\" decoding=\"async\" width=\"1920\" height=\"450\" class=\"wp-block-cover__image-background wp-image-2538 size-full\" alt=\"\" src=\"https:\/\/lunet.ca\/wp-content\/uploads\/2025\/10\/download.jpg\" data-object-fit=\"cover\" srcset=\"https:\/\/lunet.ca\/wp-content\/uploads\/2025\/10\/download.jpg 1920w, https:\/\/lunet.ca\/wp-content\/uploads\/2025\/10\/download-300x70.jpg 300w, https:\/\/lunet.ca\/wp-content\/uploads\/2025\/10\/download-1024x240.jpg 1024w, https:\/\/lunet.ca\/wp-content\/uploads\/2025\/10\/download-768x180.jpg 768w, https:\/\/lunet.ca\/wp-content\/uploads\/2025\/10\/download-1536x360.jpg 1536w, https:\/\/lunet.ca\/wp-content\/uploads\/2025\/10\/download-18x4.jpg 18w\" sizes=\"auto, (max-width: 1920px) 100vw, 1920px\" \/><span aria-hidden=\"true\" class=\"wp-block-cover__background has-black-background-color has-background-dim-20 has-background-dim\"><\/span><div class=\"wp-block-cover__inner-container is-layout-flow wp-block-cover-is-layout-flow\">\n<div style=\"height:150px\" aria-hidden=\"true\" class=\"wp-block-spacer\"><\/div>\n\n\n<div class=\"wp-bootstrap-blocks-container container mb-2\">\n\t\n\n<h2 class=\"wp-block-heading has-text-align-center\">Sp\u00e9ciales<\/h2>\n\n\n\n<div style=\"height:50px\" aria-hidden=\"true\" class=\"wp-block-spacer\"><\/div>\n\n<\/div>\n<\/div><\/div>\n\n\n\n<div style=\"height:30px\" aria-hidden=\"true\" class=\"wp-block-spacer\"><\/div>\n\n\n<div class=\"wp-bootstrap-blocks-container container mb-2\">\n\t\n\n<p>Revenez bient\u00f4t pour conna\u00eetre les offres sp\u00e9ciales \u00e0 venir. <\/p>\n\n\n\n<div style=\"height:40px\" aria-hidden=\"true\" class=\"wp-block-spacer\"><\/div>\n\n<\/div>\n\n\n\n<div style=\"height:100px\" aria-hidden=\"true\" class=\"wp-block-spacer\"><\/div>","protected":false},"excerpt":{"rendered":"","protected":false},"author":1,"featured_media":0,"parent":0,"menu_order":0,"comment_status":"closed","ping_status":"closed","template":"","meta":{"_acf_changed":false,"footnotes":""},"class_list":["post-1775","page","type-page","status-publish","hentry"],"acf":[],"yoast_head":"<!-- This site is optimized with the Yoast SEO plugin v27.4 - https:\/\/yoast.com\/product\/yoast-seo-wordpress\/ -->\n<title>Check back soon for upcoming specials! - Lun\u00ebt Espace Vision<\/title>\n<meta name=\"description\" content=\"No current promotions or specials. Check back soon for upcoming specials on eyewear, contact lenses, and frames at Lun\u00ebt Espace Vision.\" \/>\n<meta name=\"robots\" content=\"index, follow, max-snippet:-1, max-image-preview:large, max-video-preview:-1\" \/>\n<link rel=\"canonical\" href=\"https:\/\/lunet.ca\/fr\/specials\/\" \/>\n<meta property=\"og:locale\" content=\"fr_CA\" \/>\n<meta property=\"og:type\" content=\"article\" \/>\n<meta property=\"og:title\" content=\"Check back soon for upcoming specials! - Lun\u00ebt Espace Vision\" \/>\n<meta property=\"og:description\" content=\"No current promotions or specials. Check back soon for upcoming specials on eyewear, contact lenses, and frames at Lun\u00ebt Espace Vision.\" \/>\n<meta property=\"og:url\" content=\"https:\/\/lunet.ca\/fr\/specials\/\" \/>\n<meta property=\"og:site_name\" content=\"Lun\u00ebt Espace Vision\" \/>\n<meta property=\"article:modified_time\" content=\"2025-10-17T15:49:45+00:00\" \/>\n<meta property=\"og:image\" content=\"https:\/\/lunet.ca\/wp-content\/uploads\/2025\/10\/download.jpg\" \/>\n\t<meta property=\"og:image:width\" content=\"1920\" \/>\n\t<meta property=\"og:image:height\" content=\"450\" \/>\n\t<meta property=\"og:image:type\" content=\"image\/jpeg\" \/>\n<meta name=\"twitter:card\" content=\"summary_large_image\" \/>\n<meta name=\"twitter:label1\" content=\"Estimation du temps de lecture\" \/>\n\t<meta name=\"twitter:data1\" content=\"1 minute\" \/>\n<script type=\"application\/ld+json\" class=\"yoast-schema-graph\">{\"@context\":\"https:\\\/\\\/schema.org\",\"@graph\":[{\"@type\":\"WebPage\",\"@id\":\"https:\\\/\\\/lunet.ca\\\/specials\\\/\",\"url\":\"https:\\\/\\\/lunet.ca\\\/specials\\\/\",\"name\":\"Check back soon for upcoming specials! - Lun\u00ebt Espace Vision\",\"isPartOf\":{\"@id\":\"https:\\\/\\\/lunet.ca\\\/#website\"},\"primaryImageOfPage\":{\"@id\":\"https:\\\/\\\/lunet.ca\\\/specials\\\/#primaryimage\"},\"image\":{\"@id\":\"https:\\\/\\\/lunet.ca\\\/specials\\\/#primaryimage\"},\"thumbnailUrl\":\"https:\\\/\\\/lunet.ca\\\/wp-content\\\/uploads\\\/2025\\\/10\\\/download.jpg\",\"datePublished\":\"2024-09-24T19:46:16+00:00\",\"dateModified\":\"2025-10-17T15:49:45+00:00\",\"description\":\"No current promotions or specials. Check back soon for upcoming specials on eyewear, contact lenses, and frames at Lun\u00ebt Espace Vision.\",\"breadcrumb\":{\"@id\":\"https:\\\/\\\/lunet.ca\\\/specials\\\/#breadcrumb\"},\"inLanguage\":\"fr-CA\",\"potentialAction\":[{\"@type\":\"ReadAction\",\"target\":[\"https:\\\/\\\/lunet.ca\\\/specials\\\/\"]}]},{\"@type\":\"ImageObject\",\"inLanguage\":\"fr-CA\",\"@id\":\"https:\\\/\\\/lunet.ca\\\/specials\\\/#primaryimage\",\"url\":\"https:\\\/\\\/lunet.ca\\\/wp-content\\\/uploads\\\/2025\\\/10\\\/download.jpg\",\"contentUrl\":\"https:\\\/\\\/lunet.ca\\\/wp-content\\\/uploads\\\/2025\\\/10\\\/download.jpg\"},{\"@type\":\"BreadcrumbList\",\"@id\":\"https:\\\/\\\/lunet.ca\\\/specials\\\/#breadcrumb\",\"itemListElement\":[{\"@type\":\"ListItem\",\"position\":1,\"name\":\"Home\",\"item\":\"https:\\\/\\\/lunet.ca\\\/\"},{\"@type\":\"ListItem\",\"position\":2,\"name\":\"Specials\"}]},{\"@type\":\"WebSite\",\"@id\":\"https:\\\/\\\/lunet.ca\\\/#website\",\"url\":\"https:\\\/\\\/lunet.ca\\\/\",\"name\":\"Lun\u00ebt Espace Vision\",\"description\":\"Blainville, Levis, and Quebec\",\"potentialAction\":[{\"@type\":\"SearchAction\",\"target\":{\"@type\":\"EntryPoint\",\"urlTemplate\":\"https:\\\/\\\/lunet.ca\\\/?s={search_term_string}\"},\"query-input\":{\"@type\":\"PropertyValueSpecification\",\"valueRequired\":true,\"valueName\":\"search_term_string\"}}],\"inLanguage\":\"fr-CA\"}]}<\/script>\n<!-- \/ Yoast SEO plugin. -->","yoast_head_json":{"title":"Check back soon for upcoming specials! - Lun\u00ebt Espace Vision","description":"No current promotions or specials. Check back soon for upcoming specials on eyewear, contact lenses, and frames at Lun\u00ebt Espace Vision.","robots":{"index":"index","follow":"follow","max-snippet":"max-snippet:-1","max-image-preview":"max-image-preview:large","max-video-preview":"max-video-preview:-1"},"canonical":"https:\/\/lunet.ca\/fr\/specials\/","og_locale":"fr_CA","og_type":"article","og_title":"Check back soon for upcoming specials! - Lun\u00ebt Espace Vision","og_description":"No current promotions or specials. Check back soon for upcoming specials on eyewear, contact lenses, and frames at Lun\u00ebt Espace Vision.","og_url":"https:\/\/lunet.ca\/fr\/specials\/","og_site_name":"Lun\u00ebt Espace Vision","article_modified_time":"2025-10-17T15:49:45+00:00","og_image":[{"width":1920,"height":450,"url":"https:\/\/lunet.ca\/wp-content\/uploads\/2025\/10\/download.jpg","type":"image\/jpeg"}],"twitter_card":"summary_large_image","twitter_misc":{"Estimation du temps de lecture":"1 minute"},"schema":{"@context":"https:\/\/schema.org","@graph":[{"@type":"WebPage","@id":"https:\/\/lunet.ca\/specials\/","url":"https:\/\/lunet.ca\/specials\/","name":"Check back soon for upcoming specials! - Lun\u00ebt Espace Vision","isPartOf":{"@id":"https:\/\/lunet.ca\/#website"},"primaryImageOfPage":{"@id":"https:\/\/lunet.ca\/specials\/#primaryimage"},"image":{"@id":"https:\/\/lunet.ca\/specials\/#primaryimage"},"thumbnailUrl":"https:\/\/lunet.ca\/wp-content\/uploads\/2025\/10\/download.jpg","datePublished":"2024-09-24T19:46:16+00:00","dateModified":"2025-10-17T15:49:45+00:00","description":"No current promotions or specials. Check back soon for upcoming specials on eyewear, contact lenses, and frames at Lun\u00ebt Espace Vision.","breadcrumb":{"@id":"https:\/\/lunet.ca\/specials\/#breadcrumb"},"inLanguage":"fr-CA","potentialAction":[{"@type":"ReadAction","target":["https:\/\/lunet.ca\/specials\/"]}]},{"@type":"ImageObject","inLanguage":"fr-CA","@id":"https:\/\/lunet.ca\/specials\/#primaryimage","url":"https:\/\/lunet.ca\/wp-content\/uploads\/2025\/10\/download.jpg","contentUrl":"https:\/\/lunet.ca\/wp-content\/uploads\/2025\/10\/download.jpg"},{"@type":"BreadcrumbList","@id":"https:\/\/lunet.ca\/specials\/#breadcrumb","itemListElement":[{"@type":"ListItem","position":1,"name":"Home","item":"https:\/\/lunet.ca\/"},{"@type":"ListItem","position":2,"name":"Specials"}]},{"@type":"WebSite","@id":"https:\/\/lunet.ca\/#website","url":"https:\/\/lunet.ca\/","name":"Lun\u00ebt Espace Vision","description":"Blainville, L\u00e9vis et Qu\u00e9bec","potentialAction":[{"@type":"SearchAction","target":{"@type":"EntryPoint","urlTemplate":"https:\/\/lunet.ca\/?s={search_term_string}"},"query-input":{"@type":"PropertyValueSpecification","valueRequired":true,"valueName":"search_term_string"}}],"inLanguage":"fr-CA"}]}},"_links":{"self":[{"href":"https:\/\/lunet.ca\/fr\/wp-json\/wp\/v2\/pages\/1775","targetHints":{"allow":["GET"]}}],"collection":[{"href":"https:\/\/lunet.ca\/fr\/wp-json\/wp\/v2\/pages"}],"about":[{"href":"https:\/\/lunet.ca\/fr\/wp-json\/wp\/v2\/types\/page"}],"author":[{"embeddable":true,"href":"https:\/\/lunet.ca\/fr\/wp-json\/wp\/v2\/users\/1"}],"replies":[{"embeddable":true,"href":"https:\/\/lunet.ca\/fr\/wp-json\/wp\/v2\/comments?post=1775"}],"version-history":[{"count":20,"href":"https:\/\/lunet.ca\/fr\/wp-json\/wp\/v2\/pages\/1775\/revisions"}],"predecessor-version":[{"id":2573,"href":"https:\/\/lunet.ca\/fr\/wp-json\/wp\/v2\/pages\/1775\/revisions\/2573"}],"wp:attachment":[{"href":"https:\/\/lunet.ca\/fr\/wp-json\/wp\/v2\/media?parent=1775"}],"curies":[{"name":"wp","href":"https:\/\/api.w.org\/{rel}","templated":true}]}}