{"id":2505,"date":"2025-10-17T06:22:31","date_gmt":"2025-10-17T13:22:31","guid":{"rendered":"https:\/\/staging.lunet.ca\/?page_id=2505"},"modified":"2026-01-15T09:41:14","modified_gmt":"2026-01-15T16:41:14","slug":"boutique-lunetterie-blainville","status":"publish","type":"page","link":"https:\/\/lunet.ca\/fr\/boutique-lunetterie-blainville\/","title":{"rendered":"Magasin Blainville"},"content":{"rendered":"<div class=\"wp-block-cover home-feature\" style=\"min-height:500px;aspect-ratio:unset;\"><img loading=\"lazy\" decoding=\"async\" width=\"1296\" height=\"747\" class=\"wp-block-cover__image-background wp-image-2506 size-full\" alt=\"\" src=\"https:\/\/lunet.ca\/wp-content\/uploads\/2025\/10\/blainville-desktop.jpg\" data-object-fit=\"cover\" srcset=\"https:\/\/lunet.ca\/wp-content\/uploads\/2025\/10\/blainville-desktop.jpg 1296w, https:\/\/lunet.ca\/wp-content\/uploads\/2025\/10\/blainville-desktop-300x173.jpg 300w, https:\/\/lunet.ca\/wp-content\/uploads\/2025\/10\/blainville-desktop-1024x590.jpg 1024w, https:\/\/lunet.ca\/wp-content\/uploads\/2025\/10\/blainville-desktop-768x443.jpg 768w, https:\/\/lunet.ca\/wp-content\/uploads\/2025\/10\/blainville-desktop-18x10.jpg 18w\" sizes=\"auto, (max-width: 1296px) 100vw, 1296px\" \/><span aria-hidden=\"true\" class=\"wp-block-cover__background has-black-background-color has-background-dim-20 has-background-dim\"><\/span><div class=\"wp-block-cover__inner-container is-layout-flow wp-block-cover-is-layout-flow\">\n<div style=\"height:100px\" aria-hidden=\"true\" class=\"wp-block-spacer\"><\/div>\n\n\n<div class=\"wp-bootstrap-blocks-container container mb-2\">\n\t\n\n<h2 class=\"wp-block-heading has-text-align-center\">Magasin Blainville<\/h2>\n\n\n\n<div style=\"height:50px\" aria-hidden=\"true\" class=\"wp-block-spacer\"><\/div>\n\n<\/div>\n<\/div><\/div>\n\n\n<div class=\"wp-bootstrap-blocks-container container mb-2\">\n\t\n\n<div style=\"height:100px\" aria-hidden=\"true\" class=\"wp-block-spacer\"><\/div>\n\n\n\n<h2 class=\"wp-block-heading has-text-align-center\">Blainville<\/h2>\n\n\n\n<p class=\"has-text-align-center\">La population ayant d\u00e9montr\u00e9 un int\u00e9r\u00eat marqu\u00e9 pour l'offre Lun\u00ebt Espace Vision, c'est en 2017 que la 3e boutique a ouvert ses portes. Le secteur de Blainville (\u00e0 l'entr\u00e9e des Laurentides, sortie 28 de l'autoroute 15) a \u00e9t\u00e9 choisi. Toutes les grandes marques au meilleur prix. Le large choix de montures de grandes marques, plus de 3 500 mod\u00e8les, propos\u00e9 par Lun\u00ebt permet d'obtenir une vision quotidienne adapt\u00e9e, mais aussi un accessoire de mode au quotidien.<br><br>De plus, Lun\u00ebt est reconnu pour son service personnalis\u00e9 et son \u00e9quipe de professionnels compos\u00e9e de conseillers, d'opticiens et d'optom\u00e9tristes dynamiques \u00e0 l'\u00e9coute de vos besoins. Entrer chez Lun\u00ebt, c'est entrer dans un environnement vaste et raffin\u00e9, avec les meilleurs \u00e9quipements, produits et montures de cr\u00e9ateurs \u00e0 la fine pointe de la technologie. Si la mode n'est pas encore une passion pour vous, elle le deviendra gr\u00e2ce \u00e0 Lun\u00ebt Espace Vision !<\/p>\n\n\n\n<div style=\"height:30px\" aria-hidden=\"true\" class=\"wp-block-spacer\"><\/div>\n\n\n\n<div class=\"wp-block-columns are-vertically-aligned-center address-columns is-layout-flex wp-container-core-columns-is-layout-9d6595d7 wp-block-columns-is-layout-flex\">\n<div class=\"wp-block-column is-vertically-aligned-center has-white-color has-text-color has-link-color wp-elements-b81c88de90a5f924ed42d3d5887c297b is-layout-flow wp-block-column-is-layout-flow\">\n<div class=\"wp-block-cover is-light\" style=\"min-height:300px;aspect-ratio:unset;\"><span aria-hidden=\"true\" class=\"wp-block-cover__background has-background-dim-100 has-background-dim\" style=\"background-color:#5ebeea\"><\/span><div class=\"wp-block-cover__inner-container is-layout-constrained wp-block-cover-is-layout-constrained\">\n<div style=\"height:20px\" aria-hidden=\"true\" class=\"wp-block-spacer\"><\/div>\n\n\n\n<p class=\"has-text-align-center\"><a href=\"tel:4504372977\">(450) 437-2977<\/a><\/p>\n\n\n\n<p class=\"has-text-align-center\"><a href=\"mailto:lunetespacevisionblainville@teamvisionteam.com\">lunetespacevisionblainville@teamvisionteam.com<\/a><\/p>\n\n\n\n<p class=\"has-text-align-center\"><a href=\"https:\/\/www.google.ca\/maps\/place\/1407+Boulevard+Mich%C3%A8le-Bohec,+Blainville,+QC+J7C+5L4\/@45.6814479,-73.9155093,17z\/data=!3m1!4b1!4m5!3m4!1s0x4cc929e26695331d:0xc9fe1f12d2239581!8m2!3d45.6814479!4d-73.9133153?shorturl=1\">1407, Mich\u00e8le-Bohec, suite 102, Blainville, QC, J7C 0M4<\/a><\/p>\n\n\n\n<div style=\"height:20px\" aria-hidden=\"true\" class=\"wp-block-spacer\"><\/div>\n<\/div><\/div>\n<\/div>\n\n\n\n<div class=\"wp-block-column is-vertically-aligned-center is-layout-flow wp-block-column-is-layout-flow\">\n<div class=\"wp-block-cover\" style=\"min-height:300px;aspect-ratio:unset;\"><span aria-hidden=\"true\" class=\"wp-block-cover__background has-background-dim-100 has-background-dim\" style=\"background-color:#604ea7\"><\/span><div class=\"wp-block-cover__inner-container is-layout-constrained wp-block-cover-is-layout-constrained\">\n<div style=\"height:20px\" aria-hidden=\"true\" class=\"wp-block-spacer\"><\/div>\n\n\n\n<p class=\"has-text-align-center has-white-color has-text-color has-link-color wp-elements-8f4fea6f688ff7e28b7af7207a267e70\">Lundi : 10h00 - 17h30<br>Mardi : 10h00 - 20h00<br>Mercredi : 10h00 - 17h30<br>Jeudi : 10h00 - 17h30<br>Vendredi : 10h00 - 17h30<br>Samedi : 10H00 - 16H00<br>Dimanche : Ferm\u00e9<\/p>\n\n\n\n<div style=\"height:20px\" aria-hidden=\"true\" class=\"wp-block-spacer\"><\/div>\n<\/div><\/div>\n<\/div>\n<\/div>\n\n\n\n<div style=\"height:100px\" aria-hidden=\"true\" class=\"wp-block-spacer\"><\/div>\n\n\n\n<h2 class=\"wp-block-heading has-text-align-center\">Services offerts<\/h2>\n\n\n\n<div class=\"wp-block-columns is-layout-flex wp-container-core-columns-is-layout-9d6595d7 wp-block-columns-is-layout-flex\">\n<div class=\"wp-block-column is-layout-flow wp-block-column-is-layout-flow\"><div class=\"wp-block-image\">\n<figure class=\"aligncenter size-full is-resized\"><img loading=\"lazy\" decoding=\"async\" width=\"256\" height=\"148\" src=\"https:\/\/lunet.ca\/wp-content\/uploads\/2025\/10\/icn-monture-01.png\" alt=\"\" class=\"wp-image-2509\" style=\"width:200px\" srcset=\"https:\/\/lunet.ca\/wp-content\/uploads\/2025\/10\/icn-monture-01.png 256w, https:\/\/lunet.ca\/wp-content\/uploads\/2025\/10\/icn-monture-01-18x10.png 18w\" sizes=\"auto, (max-width: 256px) 100vw, 256px\" \/><\/figure>\n<\/div>\n\n\n<p class=\"has-text-align-center has-text-color has-link-color wp-elements-f71fd5c320d5aee0d29b14a73e46d095\" style=\"color:#5ebeea\">PLUS DE 4000 MONTAGES DANS LE MAGASIN<\/p>\n<\/div>\n\n\n\n<div class=\"wp-block-column is-layout-flow wp-block-column-is-layout-flow\"><div class=\"wp-block-image\">\n<figure class=\"aligncenter size-full is-resized\"><img loading=\"lazy\" decoding=\"async\" width=\"256\" height=\"148\" src=\"https:\/\/lunet.ca\/wp-content\/uploads\/2025\/10\/icn-ajustement-01.png\" alt=\"\" class=\"wp-image-2508\" style=\"width:200px\" srcset=\"https:\/\/lunet.ca\/wp-content\/uploads\/2025\/10\/icn-ajustement-01.png 256w, https:\/\/lunet.ca\/wp-content\/uploads\/2025\/10\/icn-ajustement-01-18x10.png 18w\" sizes=\"auto, (max-width: 256px) 100vw, 256px\" \/><\/figure>\n<\/div>\n\n\n<p class=\"has-text-align-center has-text-color has-link-color wp-elements-032e57bfe3cb8892c8e3f1e6c5aff07e\" style=\"color:#5ebeea\">AJUSTEMENT GRATUIT GARANTI POUR LA DUR\u00c9E DE VIE DE NOS MONTURES<\/p>\n<\/div>\n\n\n\n<div class=\"wp-block-column is-layout-flow wp-block-column-is-layout-flow\"><div class=\"wp-block-image\">\n<figure class=\"aligncenter size-full is-resized\"><img loading=\"lazy\" decoding=\"async\" width=\"256\" height=\"148\" src=\"https:\/\/lunet.ca\/wp-content\/uploads\/2025\/10\/icn-monture-01.png\" alt=\"\" class=\"wp-image-2509\" style=\"width:200px\" srcset=\"https:\/\/lunet.ca\/wp-content\/uploads\/2025\/10\/icn-monture-01.png 256w, https:\/\/lunet.ca\/wp-content\/uploads\/2025\/10\/icn-monture-01-18x10.png 18w\" sizes=\"auto, (max-width: 256px) 100vw, 256px\" \/><\/figure>\n<\/div>\n\n\n<p class=\"has-text-align-center has-text-color has-link-color wp-elements-fac237aef49fe95dfcc1a3cdd149d67c\" style=\"color:#5ebeea\">OPTICIEN, OPTOM\u00c9TRISTE, STYLISTE \u00c0 TOUT MOMENT<\/p>\n<\/div>\n<\/div>\n\n\n\n<div style=\"height:100px\" aria-hidden=\"true\" class=\"wp-block-spacer\"><\/div>\n\n<\/div>","protected":false},"excerpt":{"rendered":"","protected":false},"author":1,"featured_media":0,"parent":0,"menu_order":0,"comment_status":"closed","ping_status":"closed","template":"","meta":{"_acf_changed":false,"footnotes":""},"class_list":["post-2505","page","type-page","status-publish","hentry"],"acf":[],"yoast_head":"<!-- This site is optimized with the Yoast SEO plugin v27.4 - https:\/\/yoast.com\/product\/yoast-seo-wordpress\/ -->\n<title>Lun\u00ebt Espace Vision Blainville | Designer Eyewear &amp; Expert Opticians<\/title>\n<meta name=\"description\" content=\"Visit Lun\u00ebt Espace Vision in Blainville for top designer frames, personalized optician and optometrist services, and over 4,000 mounts. Fashionable eyewear with guaranteed adjustments.\" \/>\n<meta name=\"robots\" content=\"index, follow, max-snippet:-1, max-image-preview:large, max-video-preview:-1\" \/>\n<link rel=\"canonical\" href=\"https:\/\/lunet.ca\/fr\/boutique-lunetterie-blainville\/\" \/>\n<meta property=\"og:locale\" content=\"fr_CA\" \/>\n<meta property=\"og:type\" content=\"article\" \/>\n<meta property=\"og:title\" content=\"Lun\u00ebt Espace Vision Blainville | Designer Eyewear &amp; Expert Opticians\" \/>\n<meta property=\"og:description\" content=\"Visit Lun\u00ebt Espace Vision in Blainville for top designer frames, personalized optician and optometrist services, and over 4,000 mounts. Fashionable eyewear with guaranteed adjustments.\" \/>\n<meta property=\"og:url\" content=\"https:\/\/lunet.ca\/fr\/boutique-lunetterie-blainville\/\" \/>\n<meta property=\"og:site_name\" content=\"Lun\u00ebt Espace Vision\" \/>\n<meta property=\"article:modified_time\" content=\"2026-01-15T16:41:14+00:00\" \/>\n<meta property=\"og:image\" content=\"https:\/\/lunet.ca\/wp-content\/uploads\/2025\/10\/blainville-desktop.jpg\" \/>\n\t<meta property=\"og:image:width\" content=\"1296\" \/>\n\t<meta property=\"og:image:height\" content=\"747\" \/>\n\t<meta property=\"og:image:type\" content=\"image\/jpeg\" \/>\n<meta name=\"twitter:card\" content=\"summary_large_image\" \/>\n<meta name=\"twitter:label1\" content=\"Estimation du temps de lecture\" \/>\n\t<meta name=\"twitter:data1\" content=\"2 minutes\" \/>\n<script type=\"application\/ld+json\" class=\"yoast-schema-graph\">{\"@context\":\"https:\\\/\\\/schema.org\",\"@graph\":[{\"@type\":\"WebPage\",\"@id\":\"https:\\\/\\\/lunet.ca\\\/boutique-lunetterie-blainville\\\/\",\"url\":\"https:\\\/\\\/lunet.ca\\\/boutique-lunetterie-blainville\\\/\",\"name\":\"Lun\u00ebt Espace Vision Blainville | Designer Eyewear & Expert Opticians\",\"isPartOf\":{\"@id\":\"https:\\\/\\\/lunet.ca\\\/#website\"},\"primaryImageOfPage\":{\"@id\":\"https:\\\/\\\/lunet.ca\\\/boutique-lunetterie-blainville\\\/#primaryimage\"},\"image\":{\"@id\":\"https:\\\/\\\/lunet.ca\\\/boutique-lunetterie-blainville\\\/#primaryimage\"},\"thumbnailUrl\":\"https:\\\/\\\/lunet.ca\\\/wp-content\\\/uploads\\\/2025\\\/10\\\/blainville-desktop.jpg\",\"datePublished\":\"2025-10-17T13:22:31+00:00\",\"dateModified\":\"2026-01-15T16:41:14+00:00\",\"description\":\"Visit Lun\u00ebt Espace Vision in Blainville for top designer frames, personalized optician and optometrist services, and over 4,000 mounts. Fashionable eyewear with guaranteed adjustments.\",\"breadcrumb\":{\"@id\":\"https:\\\/\\\/lunet.ca\\\/boutique-lunetterie-blainville\\\/#breadcrumb\"},\"inLanguage\":\"fr-CA\",\"potentialAction\":[{\"@type\":\"ReadAction\",\"target\":[\"https:\\\/\\\/lunet.ca\\\/boutique-lunetterie-blainville\\\/\"]}]},{\"@type\":\"ImageObject\",\"inLanguage\":\"fr-CA\",\"@id\":\"https:\\\/\\\/lunet.ca\\\/boutique-lunetterie-blainville\\\/#primaryimage\",\"url\":\"https:\\\/\\\/lunet.ca\\\/wp-content\\\/uploads\\\/2025\\\/10\\\/blainville-desktop.jpg\",\"contentUrl\":\"https:\\\/\\\/lunet.ca\\\/wp-content\\\/uploads\\\/2025\\\/10\\\/blainville-desktop.jpg\"},{\"@type\":\"BreadcrumbList\",\"@id\":\"https:\\\/\\\/lunet.ca\\\/boutique-lunetterie-blainville\\\/#breadcrumb\",\"itemListElement\":[{\"@type\":\"ListItem\",\"position\":1,\"name\":\"Home\",\"item\":\"https:\\\/\\\/lunet.ca\\\/\"},{\"@type\":\"ListItem\",\"position\":2,\"name\":\"Store Blainville\"}]},{\"@type\":\"WebSite\",\"@id\":\"https:\\\/\\\/lunet.ca\\\/#website\",\"url\":\"https:\\\/\\\/lunet.ca\\\/\",\"name\":\"Lun\u00ebt Espace Vision\",\"description\":\"Blainville, Levis, and Quebec\",\"potentialAction\":[{\"@type\":\"SearchAction\",\"target\":{\"@type\":\"EntryPoint\",\"urlTemplate\":\"https:\\\/\\\/lunet.ca\\\/?s={search_term_string}\"},\"query-input\":{\"@type\":\"PropertyValueSpecification\",\"valueRequired\":true,\"valueName\":\"search_term_string\"}}],\"inLanguage\":\"fr-CA\"}]}<\/script>\n<!-- \/ Yoast SEO plugin. -->","yoast_head_json":{"title":"Lun\u00ebt Espace Vision Blainville | Lunettes de marque et opticiens experts","description":"Visitez Lun\u00ebt Espace Vision \u00e0 Blainville pour des montures de grandes marques, des services personnalis\u00e9s d'opticien et d'optom\u00e9triste, et plus de 4 000 montures. Des lunettes \u00e0 la mode avec des ajustements garantis.","robots":{"index":"index","follow":"follow","max-snippet":"max-snippet:-1","max-image-preview":"max-image-preview:large","max-video-preview":"max-video-preview:-1"},"canonical":"https:\/\/lunet.ca\/fr\/boutique-lunetterie-blainville\/","og_locale":"fr_CA","og_type":"article","og_title":"Lun\u00ebt Espace Vision Blainville | Designer Eyewear & Expert Opticians","og_description":"Visit Lun\u00ebt Espace Vision in Blainville for top designer frames, personalized optician and optometrist services, and over 4,000 mounts. Fashionable eyewear with guaranteed adjustments.","og_url":"https:\/\/lunet.ca\/fr\/boutique-lunetterie-blainville\/","og_site_name":"Lun\u00ebt Espace Vision","article_modified_time":"2026-01-15T16:41:14+00:00","og_image":[{"width":1296,"height":747,"url":"https:\/\/lunet.ca\/wp-content\/uploads\/2025\/10\/blainville-desktop.jpg","type":"image\/jpeg"}],"twitter_card":"summary_large_image","twitter_misc":{"Estimation du temps de lecture":"2 minutes"},"schema":{"@context":"https:\/\/schema.org","@graph":[{"@type":"WebPage","@id":"https:\/\/lunet.ca\/boutique-lunetterie-blainville\/","url":"https:\/\/lunet.ca\/boutique-lunetterie-blainville\/","name":"Lun\u00ebt Espace Vision Blainville | Lunettes de marque et opticiens experts","isPartOf":{"@id":"https:\/\/lunet.ca\/#website"},"primaryImageOfPage":{"@id":"https:\/\/lunet.ca\/boutique-lunetterie-blainville\/#primaryimage"},"image":{"@id":"https:\/\/lunet.ca\/boutique-lunetterie-blainville\/#primaryimage"},"thumbnailUrl":"https:\/\/lunet.ca\/wp-content\/uploads\/2025\/10\/blainville-desktop.jpg","datePublished":"2025-10-17T13:22:31+00:00","dateModified":"2026-01-15T16:41:14+00:00","description":"Visitez Lun\u00ebt Espace Vision \u00e0 Blainville pour des montures de grandes marques, des services personnalis\u00e9s d'opticien et d'optom\u00e9triste, et plus de 4 000 montures. Des lunettes \u00e0 la mode avec des ajustements garantis.","breadcrumb":{"@id":"https:\/\/lunet.ca\/boutique-lunetterie-blainville\/#breadcrumb"},"inLanguage":"fr-CA","potentialAction":[{"@type":"ReadAction","target":["https:\/\/lunet.ca\/boutique-lunetterie-blainville\/"]}]},{"@type":"ImageObject","inLanguage":"fr-CA","@id":"https:\/\/lunet.ca\/boutique-lunetterie-blainville\/#primaryimage","url":"https:\/\/lunet.ca\/wp-content\/uploads\/2025\/10\/blainville-desktop.jpg","contentUrl":"https:\/\/lunet.ca\/wp-content\/uploads\/2025\/10\/blainville-desktop.jpg"},{"@type":"BreadcrumbList","@id":"https:\/\/lunet.ca\/boutique-lunetterie-blainville\/#breadcrumb","itemListElement":[{"@type":"ListItem","position":1,"name":"Home","item":"https:\/\/lunet.ca\/"},{"@type":"ListItem","position":2,"name":"Store Blainville"}]},{"@type":"WebSite","@id":"https:\/\/lunet.ca\/#website","url":"https:\/\/lunet.ca\/","name":"Lun\u00ebt Espace Vision","description":"Blainville, L\u00e9vis et Qu\u00e9bec","potentialAction":[{"@type":"SearchAction","target":{"@type":"EntryPoint","urlTemplate":"https:\/\/lunet.ca\/?s={search_term_string}"},"query-input":{"@type":"PropertyValueSpecification","valueRequired":true,"valueName":"search_term_string"}}],"inLanguage":"fr-CA"}]}},"_links":{"self":[{"href":"https:\/\/lunet.ca\/fr\/wp-json\/wp\/v2\/pages\/2505","targetHints":{"allow":["GET"]}}],"collection":[{"href":"https:\/\/lunet.ca\/fr\/wp-json\/wp\/v2\/pages"}],"about":[{"href":"https:\/\/lunet.ca\/fr\/wp-json\/wp\/v2\/types\/page"}],"author":[{"embeddable":true,"href":"https:\/\/lunet.ca\/fr\/wp-json\/wp\/v2\/users\/1"}],"replies":[{"embeddable":true,"href":"https:\/\/lunet.ca\/fr\/wp-json\/wp\/v2\/comments?post=2505"}],"version-history":[{"count":13,"href":"https:\/\/lunet.ca\/fr\/wp-json\/wp\/v2\/pages\/2505\/revisions"}],"predecessor-version":[{"id":2648,"href":"https:\/\/lunet.ca\/fr\/wp-json\/wp\/v2\/pages\/2505\/revisions\/2648"}],"wp:attachment":[{"href":"https:\/\/lunet.ca\/fr\/wp-json\/wp\/v2\/media?parent=2505"}],"curies":[{"name":"wp","href":"https:\/\/api.w.org\/{rel}","templated":true}]}}