{"id":2529,"date":"2025-10-17T06:52:39","date_gmt":"2025-10-17T13:52:39","guid":{"rendered":"https:\/\/staging.lunet.ca\/?page_id=2529"},"modified":"2026-01-15T09:42:08","modified_gmt":"2026-01-15T16:42:08","slug":"boutique-lunetterie-levis","status":"publish","type":"page","link":"https:\/\/lunet.ca\/fr\/boutique-lunetterie-levis\/","title":{"rendered":"Magasin L\u00e9vis"},"content":{"rendered":"<div class=\"wp-block-cover home-feature\" style=\"min-height:500px;aspect-ratio:unset;\"><img loading=\"lazy\" decoding=\"async\" width=\"1296\" height=\"747\" class=\"wp-block-cover__image-background wp-image-2530 size-full\" alt=\"\" src=\"https:\/\/lunet.ca\/wp-content\/uploads\/2025\/10\/Store-Levis.jpg\" data-object-fit=\"cover\" srcset=\"https:\/\/lunet.ca\/wp-content\/uploads\/2025\/10\/Store-Levis.jpg 1296w, https:\/\/lunet.ca\/wp-content\/uploads\/2025\/10\/Store-Levis-300x173.jpg 300w, https:\/\/lunet.ca\/wp-content\/uploads\/2025\/10\/Store-Levis-1024x590.jpg 1024w, https:\/\/lunet.ca\/wp-content\/uploads\/2025\/10\/Store-Levis-768x443.jpg 768w, https:\/\/lunet.ca\/wp-content\/uploads\/2025\/10\/Store-Levis-18x10.jpg 18w\" sizes=\"auto, (max-width: 1296px) 100vw, 1296px\" \/><span aria-hidden=\"true\" class=\"wp-block-cover__background has-black-background-color has-background-dim-20 has-background-dim\"><\/span><div class=\"wp-block-cover__inner-container is-layout-flow wp-block-cover-is-layout-flow\">\n<div style=\"height:100px\" aria-hidden=\"true\" class=\"wp-block-spacer\"><\/div>\n\n\n<div class=\"wp-bootstrap-blocks-container container mb-2\">\n\t\n\n<h2 class=\"wp-block-heading has-text-align-center\">Magasin L\u00e9vis<\/h2>\n\n\n\n<div style=\"height:50px\" aria-hidden=\"true\" class=\"wp-block-spacer\"><\/div>\n\n<\/div>\n<\/div><\/div>\n\n\n<div class=\"wp-bootstrap-blocks-container container mb-2\">\n\t\n\n<div style=\"height:100px\" aria-hidden=\"true\" class=\"wp-block-spacer\"><\/div>\n\n\n\n<h2 class=\"wp-block-heading has-text-align-center\">L\u00e9vis<\/h2>\n\n\n\n<p class=\"has-text-align-center\">L'engouement des clients pour Lun\u00ebt Espace Vision a permis l'ouverture en 2015 de son deuxi\u00e8me magasin au Carrefour St-Romuald, \u00e0 L\u00e9vis.<\/p>\n\n\n\n<p class=\"has-text-align-center\">Plus de 3 500 montures de grandes marques au meilleur prix vous sont offertes, en plus d'un service personnalis\u00e9 gr\u00e2ce \u00e0 son \u00e9quipe de professionnels. Les conseillers, opticiens et optom\u00e9tristes dynamiques sont \u00e0 l'\u00e9coute de vos besoins.<\/p>\n\n\n\n<p class=\"has-text-align-center\">Entrer chez Lun\u00ebt, c'est entrer dans un environnement vaste et raffin\u00e9, avec les meilleurs \u00e9quipements, produits et montures de cr\u00e9ateurs \u00e0 la pointe de la technologie. Si la mode n'est pas encore une passion pour vous, elle le deviendra gr\u00e2ce \u00e0 Lun\u00ebt Espace Vision !<\/p>\n\n\n\n<div style=\"height:30px\" aria-hidden=\"true\" class=\"wp-block-spacer\"><\/div>\n\n\n\n<div class=\"wp-block-columns are-vertically-aligned-center address-columns is-layout-flex wp-container-core-columns-is-layout-9d6595d7 wp-block-columns-is-layout-flex\">\n<div class=\"wp-block-column is-vertically-aligned-center has-white-color has-text-color has-link-color wp-elements-69663306bec96d51e509d7d8acb69e21 is-layout-flow wp-block-column-is-layout-flow\">\n<div class=\"wp-block-cover is-light\" style=\"min-height:300px;aspect-ratio:unset;\"><span aria-hidden=\"true\" class=\"wp-block-cover__background has-background-dim-100 has-background-dim\" style=\"background-color:#5ebeea\"><\/span><div class=\"wp-block-cover__inner-container is-layout-constrained wp-block-cover-is-layout-constrained\">\n<div style=\"height:20px\" aria-hidden=\"true\" class=\"wp-block-spacer\"><\/div>\n\n\n\n<p class=\"has-text-align-center\"><a href=\"tel: 4188391112\">(418) 839-1112<\/a><\/p>\n\n\n\n<p class=\"has-text-align-center\"><a href=\"mailto:lunetespacevisionlevis@teamvisionteam.com\">lunetespacevisionlevis@teamvisionteam.com<\/a><\/p>\n\n\n\n<p class=\"has-text-align-center\"><a href=\"https:\/\/www.google.ca\/maps\/place\/1230+Rue+de+la+Concorde,+Saint-Romuald,+QC+G6W+8H1\/@46.7304621,-71.2613373,17z\/data=!4m2!3m1!1s0x4cb893d17db25e1f:0xce5a284dba125ff3\">1230 Rue de la Concorde, L\u00e9vis, QC G6W 0M7 (face au Costco)<\/a><\/p>\n\n\n\n<div style=\"height:20px\" aria-hidden=\"true\" class=\"wp-block-spacer\"><\/div>\n<\/div><\/div>\n<\/div>\n\n\n\n<div class=\"wp-block-column is-vertically-aligned-center is-layout-flow wp-block-column-is-layout-flow\">\n<div class=\"wp-block-cover\" style=\"min-height:300px;aspect-ratio:unset;\"><span aria-hidden=\"true\" class=\"wp-block-cover__background has-background-dim-100 has-background-dim\" style=\"background-color:#604ea7\"><\/span><div class=\"wp-block-cover__inner-container is-layout-constrained wp-block-cover-is-layout-constrained\">\n<div style=\"height:20px\" aria-hidden=\"true\" class=\"wp-block-spacer\"><\/div>\n\n\n\n<p class=\"has-text-align-center has-white-color has-text-color has-link-color wp-elements-c15f88d88995f57d1211184e1da1ce9c\">Lundi : 10h00 - 17h30<br>Mardi : 10h00 - 17h30<br>Mercredi : 10h00 - 17h30<br>Jeudi : 10h00 - 20h00<br>Vendredi : 10h00 - 17h30<br>Samedi : 10H00 - 16H00<br>Dimanche : Ferm\u00e9<\/p>\n\n\n\n<div style=\"height:20px\" aria-hidden=\"true\" class=\"wp-block-spacer\"><\/div>\n<\/div><\/div>\n<\/div>\n<\/div>\n\n\n\n<div style=\"height:100px\" aria-hidden=\"true\" class=\"wp-block-spacer\"><\/div>\n\n\n\n<h2 class=\"wp-block-heading has-text-align-center\">Services offerts<\/h2>\n\n\n\n<div class=\"wp-block-columns is-layout-flex wp-container-core-columns-is-layout-9d6595d7 wp-block-columns-is-layout-flex\">\n<div class=\"wp-block-column is-layout-flow wp-block-column-is-layout-flow\"><div class=\"wp-block-image\">\n<figure class=\"aligncenter size-full is-resized\"><img loading=\"lazy\" decoding=\"async\" width=\"256\" height=\"148\" src=\"https:\/\/lunet.ca\/wp-content\/uploads\/2025\/10\/icn-monture-01.png\" alt=\"\" class=\"wp-image-2509\" style=\"width:200px\" srcset=\"https:\/\/lunet.ca\/wp-content\/uploads\/2025\/10\/icn-monture-01.png 256w, https:\/\/lunet.ca\/wp-content\/uploads\/2025\/10\/icn-monture-01-18x10.png 18w\" sizes=\"auto, (max-width: 256px) 100vw, 256px\" \/><\/figure>\n<\/div>\n\n\n<p class=\"has-text-align-center has-text-color has-link-color wp-elements-f71fd5c320d5aee0d29b14a73e46d095\" style=\"color:#5ebeea\">PLUS DE 4000 MONTAGES DANS LE MAGASIN<\/p>\n<\/div>\n\n\n\n<div class=\"wp-block-column is-layout-flow wp-block-column-is-layout-flow\"><div class=\"wp-block-image\">\n<figure class=\"aligncenter size-full is-resized\"><img loading=\"lazy\" decoding=\"async\" width=\"256\" height=\"148\" src=\"https:\/\/lunet.ca\/wp-content\/uploads\/2025\/10\/icn-ajustement-01.png\" alt=\"\" class=\"wp-image-2508\" style=\"width:200px\" srcset=\"https:\/\/lunet.ca\/wp-content\/uploads\/2025\/10\/icn-ajustement-01.png 256w, https:\/\/lunet.ca\/wp-content\/uploads\/2025\/10\/icn-ajustement-01-18x10.png 18w\" sizes=\"auto, (max-width: 256px) 100vw, 256px\" \/><\/figure>\n<\/div>\n\n\n<p class=\"has-text-align-center has-text-color has-link-color wp-elements-5ebc7f60e6c914be9ae1aa3aab1337b6\" style=\"color:#5ebeea\">AJUSTEMENT GRATUIT GARANTI POUR LA DUR\u00c9E DE VIE DE NOS MONTURES<\/p>\n<\/div>\n\n\n\n<div class=\"wp-block-column is-layout-flow wp-block-column-is-layout-flow\"><div class=\"wp-block-image\">\n<figure class=\"aligncenter size-full is-resized\"><img loading=\"lazy\" decoding=\"async\" width=\"256\" height=\"148\" src=\"https:\/\/lunet.ca\/wp-content\/uploads\/2025\/10\/icn-monture-01.png\" alt=\"\" class=\"wp-image-2509\" style=\"width:200px\" srcset=\"https:\/\/lunet.ca\/wp-content\/uploads\/2025\/10\/icn-monture-01.png 256w, https:\/\/lunet.ca\/wp-content\/uploads\/2025\/10\/icn-monture-01-18x10.png 18w\" sizes=\"auto, (max-width: 256px) 100vw, 256px\" \/><\/figure>\n<\/div>\n\n\n<p class=\"has-text-align-center has-text-color has-link-color wp-elements-fac237aef49fe95dfcc1a3cdd149d67c\" style=\"color:#5ebeea\">OPTICIEN, OPTOM\u00c9TRISTE, STYLISTE \u00c0 TOUT MOMENT<\/p>\n<\/div>\n<\/div>\n\n\n\n<div style=\"height:100px\" aria-hidden=\"true\" class=\"wp-block-spacer\"><\/div>\n\n<\/div>","protected":false},"excerpt":{"rendered":"","protected":false},"author":1,"featured_media":0,"parent":0,"menu_order":0,"comment_status":"closed","ping_status":"closed","template":"","meta":{"_acf_changed":false,"footnotes":""},"class_list":["post-2529","page","type-page","status-publish","hentry"],"acf":[],"yoast_head":"<!-- This site is optimized with the Yoast SEO plugin v27.4 - https:\/\/yoast.com\/product\/yoast-seo-wordpress\/ -->\n<title>Lun\u00ebt Espace Vision Levis | Designer Eyewear &amp; Expert Opticians<\/title>\n<meta name=\"description\" content=\"Visit Lun\u00ebt Espace Vision in Levis for top designer frames, personalized optician and optometrist services, and over 4,000 mounts. Fashionable eyewear with guaranteed adjustments.\" \/>\n<meta name=\"robots\" content=\"index, follow, max-snippet:-1, max-image-preview:large, max-video-preview:-1\" \/>\n<link rel=\"canonical\" href=\"https:\/\/lunet.ca\/fr\/boutique-lunetterie-levis\/\" \/>\n<meta property=\"og:locale\" content=\"fr_CA\" \/>\n<meta property=\"og:type\" content=\"article\" \/>\n<meta property=\"og:title\" content=\"Lun\u00ebt Espace Vision Levis | Designer Eyewear &amp; Expert Opticians\" \/>\n<meta property=\"og:description\" content=\"Visit Lun\u00ebt Espace Vision in Levis for top designer frames, personalized optician and optometrist services, and over 4,000 mounts. Fashionable eyewear with guaranteed adjustments.\" \/>\n<meta property=\"og:url\" content=\"https:\/\/lunet.ca\/fr\/boutique-lunetterie-levis\/\" \/>\n<meta property=\"og:site_name\" content=\"Lun\u00ebt Espace Vision\" \/>\n<meta property=\"article:modified_time\" content=\"2026-01-15T16:42:08+00:00\" \/>\n<meta property=\"og:image\" content=\"https:\/\/lunet.ca\/wp-content\/uploads\/2025\/10\/Store-Levis.jpg\" \/>\n\t<meta property=\"og:image:width\" content=\"1296\" \/>\n\t<meta property=\"og:image:height\" content=\"747\" \/>\n\t<meta property=\"og:image:type\" content=\"image\/jpeg\" \/>\n<meta name=\"twitter:card\" content=\"summary_large_image\" \/>\n<meta name=\"twitter:label1\" content=\"Estimation du temps de lecture\" \/>\n\t<meta name=\"twitter:data1\" content=\"2 minutes\" \/>\n<script type=\"application\/ld+json\" class=\"yoast-schema-graph\">{\"@context\":\"https:\\\/\\\/schema.org\",\"@graph\":[{\"@type\":\"WebPage\",\"@id\":\"https:\\\/\\\/lunet.ca\\\/boutique-lunetterie-levis\\\/\",\"url\":\"https:\\\/\\\/lunet.ca\\\/boutique-lunetterie-levis\\\/\",\"name\":\"Lun\u00ebt Espace Vision Levis | Designer Eyewear & Expert Opticians\",\"isPartOf\":{\"@id\":\"https:\\\/\\\/lunet.ca\\\/#website\"},\"primaryImageOfPage\":{\"@id\":\"https:\\\/\\\/lunet.ca\\\/boutique-lunetterie-levis\\\/#primaryimage\"},\"image\":{\"@id\":\"https:\\\/\\\/lunet.ca\\\/boutique-lunetterie-levis\\\/#primaryimage\"},\"thumbnailUrl\":\"https:\\\/\\\/lunet.ca\\\/wp-content\\\/uploads\\\/2025\\\/10\\\/Store-Levis.jpg\",\"datePublished\":\"2025-10-17T13:52:39+00:00\",\"dateModified\":\"2026-01-15T16:42:08+00:00\",\"description\":\"Visit Lun\u00ebt Espace Vision in Levis for top designer frames, personalized optician and optometrist services, and over 4,000 mounts. Fashionable eyewear with guaranteed adjustments.\",\"breadcrumb\":{\"@id\":\"https:\\\/\\\/lunet.ca\\\/boutique-lunetterie-levis\\\/#breadcrumb\"},\"inLanguage\":\"fr-CA\",\"potentialAction\":[{\"@type\":\"ReadAction\",\"target\":[\"https:\\\/\\\/lunet.ca\\\/boutique-lunetterie-levis\\\/\"]}]},{\"@type\":\"ImageObject\",\"inLanguage\":\"fr-CA\",\"@id\":\"https:\\\/\\\/lunet.ca\\\/boutique-lunetterie-levis\\\/#primaryimage\",\"url\":\"https:\\\/\\\/lunet.ca\\\/wp-content\\\/uploads\\\/2025\\\/10\\\/Store-Levis.jpg\",\"contentUrl\":\"https:\\\/\\\/lunet.ca\\\/wp-content\\\/uploads\\\/2025\\\/10\\\/Store-Levis.jpg\"},{\"@type\":\"BreadcrumbList\",\"@id\":\"https:\\\/\\\/lunet.ca\\\/boutique-lunetterie-levis\\\/#breadcrumb\",\"itemListElement\":[{\"@type\":\"ListItem\",\"position\":1,\"name\":\"Home\",\"item\":\"https:\\\/\\\/lunet.ca\\\/\"},{\"@type\":\"ListItem\",\"position\":2,\"name\":\"Store L\u00e9vis\"}]},{\"@type\":\"WebSite\",\"@id\":\"https:\\\/\\\/lunet.ca\\\/#website\",\"url\":\"https:\\\/\\\/lunet.ca\\\/\",\"name\":\"Lun\u00ebt Espace Vision\",\"description\":\"Blainville, Levis, and Quebec\",\"potentialAction\":[{\"@type\":\"SearchAction\",\"target\":{\"@type\":\"EntryPoint\",\"urlTemplate\":\"https:\\\/\\\/lunet.ca\\\/?s={search_term_string}\"},\"query-input\":{\"@type\":\"PropertyValueSpecification\",\"valueRequired\":true,\"valueName\":\"search_term_string\"}}],\"inLanguage\":\"fr-CA\"}]}<\/script>\n<!-- \/ Yoast SEO plugin. -->","yoast_head_json":{"title":"Lun\u00ebt Espace Vision Levis | Lunettes de marque et opticiens experts","description":"Visitez Lun\u00ebt Espace Vision \u00e0 L\u00e9vis pour des montures de grandes marques, des services personnalis\u00e9s d'opticien et d'optom\u00e9triste, et plus de 4 000 montures. Des lunettes \u00e0 la mode avec des ajustements garantis.","robots":{"index":"index","follow":"follow","max-snippet":"max-snippet:-1","max-image-preview":"max-image-preview:large","max-video-preview":"max-video-preview:-1"},"canonical":"https:\/\/lunet.ca\/fr\/boutique-lunetterie-levis\/","og_locale":"fr_CA","og_type":"article","og_title":"Lun\u00ebt Espace Vision Levis | Designer Eyewear & Expert Opticians","og_description":"Visit Lun\u00ebt Espace Vision in Levis for top designer frames, personalized optician and optometrist services, and over 4,000 mounts. Fashionable eyewear with guaranteed adjustments.","og_url":"https:\/\/lunet.ca\/fr\/boutique-lunetterie-levis\/","og_site_name":"Lun\u00ebt Espace Vision","article_modified_time":"2026-01-15T16:42:08+00:00","og_image":[{"width":1296,"height":747,"url":"https:\/\/lunet.ca\/wp-content\/uploads\/2025\/10\/Store-Levis.jpg","type":"image\/jpeg"}],"twitter_card":"summary_large_image","twitter_misc":{"Estimation du temps de lecture":"2 minutes"},"schema":{"@context":"https:\/\/schema.org","@graph":[{"@type":"WebPage","@id":"https:\/\/lunet.ca\/boutique-lunetterie-levis\/","url":"https:\/\/lunet.ca\/boutique-lunetterie-levis\/","name":"Lun\u00ebt Espace Vision Levis | Lunettes de marque et opticiens experts","isPartOf":{"@id":"https:\/\/lunet.ca\/#website"},"primaryImageOfPage":{"@id":"https:\/\/lunet.ca\/boutique-lunetterie-levis\/#primaryimage"},"image":{"@id":"https:\/\/lunet.ca\/boutique-lunetterie-levis\/#primaryimage"},"thumbnailUrl":"https:\/\/lunet.ca\/wp-content\/uploads\/2025\/10\/Store-Levis.jpg","datePublished":"2025-10-17T13:52:39+00:00","dateModified":"2026-01-15T16:42:08+00:00","description":"Visitez Lun\u00ebt Espace Vision \u00e0 L\u00e9vis pour des montures de grandes marques, des services personnalis\u00e9s d'opticien et d'optom\u00e9triste, et plus de 4 000 montures. Des lunettes \u00e0 la mode avec des ajustements garantis.","breadcrumb":{"@id":"https:\/\/lunet.ca\/boutique-lunetterie-levis\/#breadcrumb"},"inLanguage":"fr-CA","potentialAction":[{"@type":"ReadAction","target":["https:\/\/lunet.ca\/boutique-lunetterie-levis\/"]}]},{"@type":"ImageObject","inLanguage":"fr-CA","@id":"https:\/\/lunet.ca\/boutique-lunetterie-levis\/#primaryimage","url":"https:\/\/lunet.ca\/wp-content\/uploads\/2025\/10\/Store-Levis.jpg","contentUrl":"https:\/\/lunet.ca\/wp-content\/uploads\/2025\/10\/Store-Levis.jpg"},{"@type":"BreadcrumbList","@id":"https:\/\/lunet.ca\/boutique-lunetterie-levis\/#breadcrumb","itemListElement":[{"@type":"ListItem","position":1,"name":"Home","item":"https:\/\/lunet.ca\/"},{"@type":"ListItem","position":2,"name":"Store L\u00e9vis"}]},{"@type":"WebSite","@id":"https:\/\/lunet.ca\/#website","url":"https:\/\/lunet.ca\/","name":"Lun\u00ebt Espace Vision","description":"Blainville, L\u00e9vis et Qu\u00e9bec","potentialAction":[{"@type":"SearchAction","target":{"@type":"EntryPoint","urlTemplate":"https:\/\/lunet.ca\/?s={search_term_string}"},"query-input":{"@type":"PropertyValueSpecification","valueRequired":true,"valueName":"search_term_string"}}],"inLanguage":"fr-CA"}]}},"_links":{"self":[{"href":"https:\/\/lunet.ca\/fr\/wp-json\/wp\/v2\/pages\/2529","targetHints":{"allow":["GET"]}}],"collection":[{"href":"https:\/\/lunet.ca\/fr\/wp-json\/wp\/v2\/pages"}],"about":[{"href":"https:\/\/lunet.ca\/fr\/wp-json\/wp\/v2\/types\/page"}],"author":[{"embeddable":true,"href":"https:\/\/lunet.ca\/fr\/wp-json\/wp\/v2\/users\/1"}],"replies":[{"embeddable":true,"href":"https:\/\/lunet.ca\/fr\/wp-json\/wp\/v2\/comments?post=2529"}],"version-history":[{"count":3,"href":"https:\/\/lunet.ca\/fr\/wp-json\/wp\/v2\/pages\/2529\/revisions"}],"predecessor-version":[{"id":2649,"href":"https:\/\/lunet.ca\/fr\/wp-json\/wp\/v2\/pages\/2529\/revisions\/2649"}],"wp:attachment":[{"href":"https:\/\/lunet.ca\/fr\/wp-json\/wp\/v2\/media?parent=2529"}],"curies":[{"name":"wp","href":"https:\/\/api.w.org\/{rel}","templated":true}]}}