{"id":2533,"date":"2025-10-17T06:55:29","date_gmt":"2025-10-17T13:55:29","guid":{"rendered":"https:\/\/staging.lunet.ca\/?page_id=2533"},"modified":"2026-01-15T09:43:13","modified_gmt":"2026-01-15T16:43:13","slug":"boutique-quebec-lebourgneuf","status":"publish","type":"page","link":"https:\/\/lunet.ca\/fr\/boutique-quebec-lebourgneuf\/","title":{"rendered":"Magasin Qu\u00e9bec - Lebourgneuf"},"content":{"rendered":"<div class=\"wp-block-cover home-feature\" style=\"min-height:500px;aspect-ratio:unset;\"><img loading=\"lazy\" decoding=\"async\" width=\"1296\" height=\"747\" class=\"wp-block-cover__image-background wp-image-2534 size-full\" alt=\"\" src=\"https:\/\/lunet.ca\/wp-content\/uploads\/2025\/10\/quebec-desktop.jpg\" data-object-fit=\"cover\" srcset=\"https:\/\/lunet.ca\/wp-content\/uploads\/2025\/10\/quebec-desktop.jpg 1296w, https:\/\/lunet.ca\/wp-content\/uploads\/2025\/10\/quebec-desktop-300x173.jpg 300w, https:\/\/lunet.ca\/wp-content\/uploads\/2025\/10\/quebec-desktop-1024x590.jpg 1024w, https:\/\/lunet.ca\/wp-content\/uploads\/2025\/10\/quebec-desktop-768x443.jpg 768w, https:\/\/lunet.ca\/wp-content\/uploads\/2025\/10\/quebec-desktop-18x10.jpg 18w\" sizes=\"auto, (max-width: 1296px) 100vw, 1296px\" \/><span aria-hidden=\"true\" class=\"wp-block-cover__background has-black-background-color has-background-dim-20 has-background-dim\"><\/span><div class=\"wp-block-cover__inner-container is-layout-flow wp-block-cover-is-layout-flow\">\n<div style=\"height:100px\" aria-hidden=\"true\" class=\"wp-block-spacer\"><\/div>\n\n\n<div class=\"wp-bootstrap-blocks-container container mb-2\">\n\t\n\n<h2 class=\"wp-block-heading has-text-align-center\">Magasin Qu\u00e9bec - Lebourgneuf<\/h2>\n\n\n\n<div style=\"height:50px\" aria-hidden=\"true\" class=\"wp-block-spacer\"><\/div>\n\n<\/div>\n<\/div><\/div>\n\n\n<div class=\"wp-bootstrap-blocks-container container mb-2\">\n\t\n\n<div style=\"height:100px\" aria-hidden=\"true\" class=\"wp-block-spacer\"><\/div>\n\n\n\n<h2 class=\"wp-block-heading has-text-align-center\">Qu\u00e9bec Lebourgneuf<\/h2>\n\n\n\n<p class=\"has-text-align-center\">La premi\u00e8re boutique Lun\u00ebt Espace Vision a vu le jour en 2012 au c\u0153ur d'un secteur dynamique et populaire du Qu\u00e9bec : Lebourgneuf.<\/p>\n\n\n\n<p class=\"has-text-align-center\">Depuis sa cr\u00e9ation, le concept de Lun\u00ebt r\u00e9pond \u00e0 l'accent mis sur la mode et le style. C'est pourquoi plus de 3 500 mod\u00e8les de montures des plus grandes marques telles que Oakley, Ray Ban, Prada, Dolce &amp; Gabanna, Calvin Klein, Bobbi Brown et Tom Ford, sont propos\u00e9s aux clients qui choisissent Lun\u00ebt Espace Vision. Chaque monture est soigneusement s\u00e9lectionn\u00e9e par les propri\u00e9taires afin de garantir la vari\u00e9t\u00e9 et la qualit\u00e9. De grandes marques \u00e0 petits prix.<\/p>\n\n\n\n<p class=\"has-text-align-center\">C'est dans un espace vaste et moderne que les conseillers et les opticiens de Lun\u00ebt vous guident dans le choix de votre monture. Il va sans dire que vous trouverez les lunettes de vos r\u00eaves au meilleur prix !<\/p>\n\n\n\n<p class=\"has-text-align-center\"><\/p>\n\n\n\n<div style=\"height:30px\" aria-hidden=\"true\" class=\"wp-block-spacer\"><\/div>\n\n\n\n<div class=\"wp-block-columns are-vertically-aligned-center address-columns is-layout-flex wp-container-core-columns-is-layout-9d6595d7 wp-block-columns-is-layout-flex\">\n<div class=\"wp-block-column is-vertically-aligned-center has-white-color has-text-color has-link-color wp-elements-ef374a0b71f5b5cc1826a86bb8326717 is-layout-flow wp-block-column-is-layout-flow\">\n<div class=\"wp-block-cover is-light\" style=\"min-height:300px;aspect-ratio:unset;\"><span aria-hidden=\"true\" class=\"wp-block-cover__background has-background-dim-100 has-background-dim\" style=\"background-color:#5ebeea\"><\/span><div class=\"wp-block-cover__inner-container is-layout-constrained wp-block-cover-is-layout-constrained\">\n<div style=\"height:20px\" aria-hidden=\"true\" class=\"wp-block-spacer\"><\/div>\n\n\n\n<p class=\"has-text-align-center\"><a href=\"tel:4186261234\">(418) 626-1234<\/a><\/p>\n\n\n\n<p class=\"has-text-align-center\"><a href=\"mailto:lunetespacevisionquebeccity@teamvisionteam.com\">lunetespacevisionquebeccity@teamvisionteam.com<\/a><\/p>\n\n\n\n<p class=\"has-text-align-center\"><a href=\"https:\/\/www.google.ca\/maps\/place\/Lunet+espace+vision\/@46.8349485,-71.3026354,17z\/data=!3m1!4b1!4m2!3m1!1s0x4cb897ed6ffee5d3:0xdabf01e7ed81ea8e!6m1!1e1\">1570, boulevard Lebourgneuf, Qu\u00e9bec, QC, G2K 2M4<\/a><\/p>\n\n\n\n<div style=\"height:20px\" aria-hidden=\"true\" class=\"wp-block-spacer\"><\/div>\n<\/div><\/div>\n<\/div>\n\n\n\n<div class=\"wp-block-column is-vertically-aligned-center is-layout-flow wp-block-column-is-layout-flow\">\n<div class=\"wp-block-cover\" style=\"min-height:300px;aspect-ratio:unset;\"><span aria-hidden=\"true\" class=\"wp-block-cover__background has-background-dim-100 has-background-dim\" style=\"background-color:#604ea7\"><\/span><div class=\"wp-block-cover__inner-container is-layout-constrained wp-block-cover-is-layout-constrained\">\n<div style=\"height:20px\" aria-hidden=\"true\" class=\"wp-block-spacer\"><\/div>\n\n\n\n<p class=\"has-text-align-center has-white-color has-text-color has-link-color wp-elements-094ce98f90caef2e0a6b538a5cd785a5\">Lundi : 9h30 - 17h30<br>Mardi : 9h30 - 17h30<br>Mercredi : 9h30 - 17h30<br>Jeudi : 9h30 - 20h00<br>Vendredi : 9h30 - 17h30<br>Samedi : 9H30 - 16H00<br>Dimanche : Ferm\u00e9<\/p>\n\n\n\n<div style=\"height:20px\" aria-hidden=\"true\" class=\"wp-block-spacer\"><\/div>\n<\/div><\/div>\n<\/div>\n<\/div>\n\n\n\n<div style=\"height:100px\" aria-hidden=\"true\" class=\"wp-block-spacer\"><\/div>\n\n\n\n<h2 class=\"wp-block-heading has-text-align-center\">Services offerts<\/h2>\n\n\n\n<div class=\"wp-block-columns is-layout-flex wp-container-core-columns-is-layout-9d6595d7 wp-block-columns-is-layout-flex\">\n<div class=\"wp-block-column is-layout-flow wp-block-column-is-layout-flow\"><div class=\"wp-block-image\">\n<figure class=\"aligncenter size-full is-resized\"><img loading=\"lazy\" decoding=\"async\" width=\"256\" height=\"148\" src=\"https:\/\/lunet.ca\/wp-content\/uploads\/2025\/10\/icn-monture-01.png\" alt=\"\" class=\"wp-image-2509\" style=\"width:200px\" srcset=\"https:\/\/lunet.ca\/wp-content\/uploads\/2025\/10\/icn-monture-01.png 256w, https:\/\/lunet.ca\/wp-content\/uploads\/2025\/10\/icn-monture-01-18x10.png 18w\" sizes=\"auto, (max-width: 256px) 100vw, 256px\" \/><\/figure>\n<\/div>\n\n\n<p class=\"has-text-align-center has-text-color has-link-color wp-elements-f71fd5c320d5aee0d29b14a73e46d095\" style=\"color:#5ebeea\">PLUS DE 4000 MONTAGES DANS LE MAGASIN<\/p>\n<\/div>\n\n\n\n<div class=\"wp-block-column is-layout-flow wp-block-column-is-layout-flow\"><div class=\"wp-block-image\">\n<figure class=\"aligncenter size-full is-resized\"><img loading=\"lazy\" decoding=\"async\" width=\"256\" height=\"148\" src=\"https:\/\/lunet.ca\/wp-content\/uploads\/2025\/10\/icn-ajustement-01.png\" alt=\"\" class=\"wp-image-2508\" style=\"width:200px\" srcset=\"https:\/\/lunet.ca\/wp-content\/uploads\/2025\/10\/icn-ajustement-01.png 256w, https:\/\/lunet.ca\/wp-content\/uploads\/2025\/10\/icn-ajustement-01-18x10.png 18w\" sizes=\"auto, (max-width: 256px) 100vw, 256px\" \/><\/figure>\n<\/div>\n\n\n<p class=\"has-text-align-center has-text-color has-link-color wp-elements-032e57bfe3cb8892c8e3f1e6c5aff07e\" style=\"color:#5ebeea\">AJUSTEMENT GRATUIT GARANTI POUR LA DUR\u00c9E DE VIE DE NOS MONTURES<\/p>\n<\/div>\n\n\n\n<div class=\"wp-block-column is-layout-flow wp-block-column-is-layout-flow\"><div class=\"wp-block-image\">\n<figure class=\"aligncenter size-full is-resized\"><img loading=\"lazy\" decoding=\"async\" width=\"256\" height=\"148\" src=\"https:\/\/lunet.ca\/wp-content\/uploads\/2025\/10\/icn-monture-01.png\" alt=\"\" class=\"wp-image-2509\" style=\"width:200px\" srcset=\"https:\/\/lunet.ca\/wp-content\/uploads\/2025\/10\/icn-monture-01.png 256w, https:\/\/lunet.ca\/wp-content\/uploads\/2025\/10\/icn-monture-01-18x10.png 18w\" sizes=\"auto, (max-width: 256px) 100vw, 256px\" \/><\/figure>\n<\/div>\n\n\n<p class=\"has-text-align-center has-text-color has-link-color wp-elements-fac237aef49fe95dfcc1a3cdd149d67c\" style=\"color:#5ebeea\">OPTICIEN, OPTOM\u00c9TRISTE, STYLISTE \u00c0 TOUT MOMENT<\/p>\n<\/div>\n<\/div>\n\n\n\n<div style=\"height:100px\" aria-hidden=\"true\" class=\"wp-block-spacer\"><\/div>\n\n<\/div>","protected":false},"excerpt":{"rendered":"","protected":false},"author":1,"featured_media":0,"parent":0,"menu_order":0,"comment_status":"closed","ping_status":"closed","template":"","meta":{"_acf_changed":false,"footnotes":""},"class_list":["post-2533","page","type-page","status-publish","hentry"],"acf":[],"yoast_head":"<!-- This site is optimized with the Yoast SEO plugin v27.4 - https:\/\/yoast.com\/product\/yoast-seo-wordpress\/ -->\n<title>Lun\u00ebt Espace Vision Quebec \u2013 Lebourgneu | Designer Eyewear &amp; Expert Opticians<\/title>\n<meta name=\"description\" content=\"Visit Lun\u00ebt Espace Vision in Quebec \u2013 Lebourgneuf for top designer frames, personalized optician and optometrist services, and over 4,000 mounts. Fashionable eyewear with guaranteed adjustments.\" \/>\n<meta name=\"robots\" content=\"index, follow, max-snippet:-1, max-image-preview:large, max-video-preview:-1\" \/>\n<link rel=\"canonical\" href=\"https:\/\/lunet.ca\/fr\/boutique-quebec-lebourgneuf\/\" \/>\n<meta property=\"og:locale\" content=\"fr_CA\" \/>\n<meta property=\"og:type\" content=\"article\" \/>\n<meta property=\"og:title\" content=\"Lun\u00ebt Espace Vision Quebec \u2013 Lebourgneu | Designer Eyewear &amp; Expert Opticians\" \/>\n<meta property=\"og:description\" content=\"Visit Lun\u00ebt Espace Vision in Quebec \u2013 Lebourgneuf for top designer frames, personalized optician and optometrist services, and over 4,000 mounts. Fashionable eyewear with guaranteed adjustments.\" \/>\n<meta property=\"og:url\" content=\"https:\/\/lunet.ca\/fr\/boutique-quebec-lebourgneuf\/\" \/>\n<meta property=\"og:site_name\" content=\"Lun\u00ebt Espace Vision\" \/>\n<meta property=\"article:modified_time\" content=\"2026-01-15T16:43:13+00:00\" \/>\n<meta property=\"og:image\" content=\"https:\/\/lunet.ca\/wp-content\/uploads\/2025\/10\/quebec-desktop.jpg\" \/>\n\t<meta property=\"og:image:width\" content=\"1296\" \/>\n\t<meta property=\"og:image:height\" content=\"747\" \/>\n\t<meta property=\"og:image:type\" content=\"image\/jpeg\" \/>\n<meta name=\"twitter:card\" content=\"summary_large_image\" \/>\n<meta name=\"twitter:label1\" content=\"Estimation du temps de lecture\" \/>\n\t<meta name=\"twitter:data1\" content=\"2 minutes\" \/>\n<script type=\"application\/ld+json\" class=\"yoast-schema-graph\">{\"@context\":\"https:\\\/\\\/schema.org\",\"@graph\":[{\"@type\":\"WebPage\",\"@id\":\"https:\\\/\\\/lunet.ca\\\/boutique-quebec-lebourgneuf\\\/\",\"url\":\"https:\\\/\\\/lunet.ca\\\/boutique-quebec-lebourgneuf\\\/\",\"name\":\"Lun\u00ebt Espace Vision Quebec \u2013 Lebourgneu | Designer Eyewear & Expert Opticians\",\"isPartOf\":{\"@id\":\"https:\\\/\\\/lunet.ca\\\/#website\"},\"primaryImageOfPage\":{\"@id\":\"https:\\\/\\\/lunet.ca\\\/boutique-quebec-lebourgneuf\\\/#primaryimage\"},\"image\":{\"@id\":\"https:\\\/\\\/lunet.ca\\\/boutique-quebec-lebourgneuf\\\/#primaryimage\"},\"thumbnailUrl\":\"https:\\\/\\\/lunet.ca\\\/wp-content\\\/uploads\\\/2025\\\/10\\\/quebec-desktop.jpg\",\"datePublished\":\"2025-10-17T13:55:29+00:00\",\"dateModified\":\"2026-01-15T16:43:13+00:00\",\"description\":\"Visit Lun\u00ebt Espace Vision in Quebec \u2013 Lebourgneuf for top designer frames, personalized optician and optometrist services, and over 4,000 mounts. Fashionable eyewear with guaranteed adjustments.\",\"breadcrumb\":{\"@id\":\"https:\\\/\\\/lunet.ca\\\/boutique-quebec-lebourgneuf\\\/#breadcrumb\"},\"inLanguage\":\"fr-CA\",\"potentialAction\":[{\"@type\":\"ReadAction\",\"target\":[\"https:\\\/\\\/lunet.ca\\\/boutique-quebec-lebourgneuf\\\/\"]}]},{\"@type\":\"ImageObject\",\"inLanguage\":\"fr-CA\",\"@id\":\"https:\\\/\\\/lunet.ca\\\/boutique-quebec-lebourgneuf\\\/#primaryimage\",\"url\":\"https:\\\/\\\/lunet.ca\\\/wp-content\\\/uploads\\\/2025\\\/10\\\/quebec-desktop.jpg\",\"contentUrl\":\"https:\\\/\\\/lunet.ca\\\/wp-content\\\/uploads\\\/2025\\\/10\\\/quebec-desktop.jpg\"},{\"@type\":\"BreadcrumbList\",\"@id\":\"https:\\\/\\\/lunet.ca\\\/boutique-quebec-lebourgneuf\\\/#breadcrumb\",\"itemListElement\":[{\"@type\":\"ListItem\",\"position\":1,\"name\":\"Home\",\"item\":\"https:\\\/\\\/lunet.ca\\\/\"},{\"@type\":\"ListItem\",\"position\":2,\"name\":\"Store Quebec \u2013 Lebourgneuf\"}]},{\"@type\":\"WebSite\",\"@id\":\"https:\\\/\\\/lunet.ca\\\/#website\",\"url\":\"https:\\\/\\\/lunet.ca\\\/\",\"name\":\"Lun\u00ebt Espace Vision\",\"description\":\"Blainville, Levis, and Quebec\",\"potentialAction\":[{\"@type\":\"SearchAction\",\"target\":{\"@type\":\"EntryPoint\",\"urlTemplate\":\"https:\\\/\\\/lunet.ca\\\/?s={search_term_string}\"},\"query-input\":{\"@type\":\"PropertyValueSpecification\",\"valueRequired\":true,\"valueName\":\"search_term_string\"}}],\"inLanguage\":\"fr-CA\"}]}<\/script>\n<!-- \/ Yoast SEO plugin. -->","yoast_head_json":{"title":"Lun\u00ebt Espace Vision Quebec - Lebourgneu | Lunettes de marque &amp; Opticiens experts","description":"Visitez Lun\u00ebt Espace Vision \u00e0 Qu\u00e9bec - Lebourgneuf pour des montures de grandes marques, des services personnalis\u00e9s d'opticien et d'optom\u00e9triste, et plus de 4 000 montures. Lunettes \u00e0 la mode avec ajustements garantis.","robots":{"index":"index","follow":"follow","max-snippet":"max-snippet:-1","max-image-preview":"max-image-preview:large","max-video-preview":"max-video-preview:-1"},"canonical":"https:\/\/lunet.ca\/fr\/boutique-quebec-lebourgneuf\/","og_locale":"fr_CA","og_type":"article","og_title":"Lun\u00ebt Espace Vision Quebec \u2013 Lebourgneu | Designer Eyewear & Expert Opticians","og_description":"Visit Lun\u00ebt Espace Vision in Quebec \u2013 Lebourgneuf for top designer frames, personalized optician and optometrist services, and over 4,000 mounts. Fashionable eyewear with guaranteed adjustments.","og_url":"https:\/\/lunet.ca\/fr\/boutique-quebec-lebourgneuf\/","og_site_name":"Lun\u00ebt Espace Vision","article_modified_time":"2026-01-15T16:43:13+00:00","og_image":[{"width":1296,"height":747,"url":"https:\/\/lunet.ca\/wp-content\/uploads\/2025\/10\/quebec-desktop.jpg","type":"image\/jpeg"}],"twitter_card":"summary_large_image","twitter_misc":{"Estimation du temps de lecture":"2 minutes"},"schema":{"@context":"https:\/\/schema.org","@graph":[{"@type":"WebPage","@id":"https:\/\/lunet.ca\/boutique-quebec-lebourgneuf\/","url":"https:\/\/lunet.ca\/boutique-quebec-lebourgneuf\/","name":"Lun\u00ebt Espace Vision Quebec - Lebourgneu | Lunettes de marque &amp; Opticiens experts","isPartOf":{"@id":"https:\/\/lunet.ca\/#website"},"primaryImageOfPage":{"@id":"https:\/\/lunet.ca\/boutique-quebec-lebourgneuf\/#primaryimage"},"image":{"@id":"https:\/\/lunet.ca\/boutique-quebec-lebourgneuf\/#primaryimage"},"thumbnailUrl":"https:\/\/lunet.ca\/wp-content\/uploads\/2025\/10\/quebec-desktop.jpg","datePublished":"2025-10-17T13:55:29+00:00","dateModified":"2026-01-15T16:43:13+00:00","description":"Visitez Lun\u00ebt Espace Vision \u00e0 Qu\u00e9bec - Lebourgneuf pour des montures de grandes marques, des services personnalis\u00e9s d'opticien et d'optom\u00e9triste, et plus de 4 000 montures. Lunettes \u00e0 la mode avec ajustements garantis.","breadcrumb":{"@id":"https:\/\/lunet.ca\/boutique-quebec-lebourgneuf\/#breadcrumb"},"inLanguage":"fr-CA","potentialAction":[{"@type":"ReadAction","target":["https:\/\/lunet.ca\/boutique-quebec-lebourgneuf\/"]}]},{"@type":"ImageObject","inLanguage":"fr-CA","@id":"https:\/\/lunet.ca\/boutique-quebec-lebourgneuf\/#primaryimage","url":"https:\/\/lunet.ca\/wp-content\/uploads\/2025\/10\/quebec-desktop.jpg","contentUrl":"https:\/\/lunet.ca\/wp-content\/uploads\/2025\/10\/quebec-desktop.jpg"},{"@type":"BreadcrumbList","@id":"https:\/\/lunet.ca\/boutique-quebec-lebourgneuf\/#breadcrumb","itemListElement":[{"@type":"ListItem","position":1,"name":"Home","item":"https:\/\/lunet.ca\/"},{"@type":"ListItem","position":2,"name":"Store Quebec \u2013 Lebourgneuf"}]},{"@type":"WebSite","@id":"https:\/\/lunet.ca\/#website","url":"https:\/\/lunet.ca\/","name":"Lun\u00ebt Espace Vision","description":"Blainville, L\u00e9vis et Qu\u00e9bec","potentialAction":[{"@type":"SearchAction","target":{"@type":"EntryPoint","urlTemplate":"https:\/\/lunet.ca\/?s={search_term_string}"},"query-input":{"@type":"PropertyValueSpecification","valueRequired":true,"valueName":"search_term_string"}}],"inLanguage":"fr-CA"}]}},"_links":{"self":[{"href":"https:\/\/lunet.ca\/fr\/wp-json\/wp\/v2\/pages\/2533","targetHints":{"allow":["GET"]}}],"collection":[{"href":"https:\/\/lunet.ca\/fr\/wp-json\/wp\/v2\/pages"}],"about":[{"href":"https:\/\/lunet.ca\/fr\/wp-json\/wp\/v2\/types\/page"}],"author":[{"embeddable":true,"href":"https:\/\/lunet.ca\/fr\/wp-json\/wp\/v2\/users\/1"}],"replies":[{"embeddable":true,"href":"https:\/\/lunet.ca\/fr\/wp-json\/wp\/v2\/comments?post=2533"}],"version-history":[{"count":3,"href":"https:\/\/lunet.ca\/fr\/wp-json\/wp\/v2\/pages\/2533\/revisions"}],"predecessor-version":[{"id":2650,"href":"https:\/\/lunet.ca\/fr\/wp-json\/wp\/v2\/pages\/2533\/revisions\/2650"}],"wp:attachment":[{"href":"https:\/\/lunet.ca\/fr\/wp-json\/wp\/v2\/media?parent=2533"}],"curies":[{"name":"wp","href":"https:\/\/api.w.org\/{rel}","templated":true}]}}