{"id":2537,"date":"2025-10-17T06:58:09","date_gmt":"2025-10-17T13:58:09","guid":{"rendered":"https:\/\/staging.lunet.ca\/?page_id=2537"},"modified":"2025-10-17T09:45:54","modified_gmt":"2025-10-17T16:45:54","slug":"our-story","status":"publish","type":"page","link":"https:\/\/lunet.ca\/fr\/our-story\/","title":{"rendered":"Notre histoire"},"content":{"rendered":"<div class=\"wp-block-cover home-feature\" style=\"min-height:500px;aspect-ratio:unset;\"><img loading=\"lazy\" decoding=\"async\" width=\"1920\" height=\"450\" class=\"wp-block-cover__image-background wp-image-2538 size-full\" alt=\"\" src=\"https:\/\/lunet.ca\/wp-content\/uploads\/2025\/10\/download.jpg\" data-object-fit=\"cover\" srcset=\"https:\/\/lunet.ca\/wp-content\/uploads\/2025\/10\/download.jpg 1920w, https:\/\/lunet.ca\/wp-content\/uploads\/2025\/10\/download-300x70.jpg 300w, https:\/\/lunet.ca\/wp-content\/uploads\/2025\/10\/download-1024x240.jpg 1024w, https:\/\/lunet.ca\/wp-content\/uploads\/2025\/10\/download-768x180.jpg 768w, https:\/\/lunet.ca\/wp-content\/uploads\/2025\/10\/download-1536x360.jpg 1536w, https:\/\/lunet.ca\/wp-content\/uploads\/2025\/10\/download-18x4.jpg 18w\" sizes=\"auto, (max-width: 1920px) 100vw, 1920px\" \/><span aria-hidden=\"true\" class=\"wp-block-cover__background has-black-background-color has-background-dim-20 has-background-dim\"><\/span><div class=\"wp-block-cover__inner-container is-layout-flow wp-block-cover-is-layout-flow\">\n<div style=\"height:100px\" aria-hidden=\"true\" class=\"wp-block-spacer\"><\/div>\n\n\n<div class=\"wp-bootstrap-blocks-container container mb-2\">\n\t\n\n<h2 class=\"wp-block-heading has-text-align-center\">Notre histoire<\/h2>\n\n\n\n<div style=\"height:50px\" aria-hidden=\"true\" class=\"wp-block-spacer\"><\/div>\n\n<\/div>\n<\/div><\/div>\n\n\n\n<div style=\"height:50px\" aria-hidden=\"true\" class=\"wp-block-spacer\"><\/div>\n\n\n<div class=\"wp-bootstrap-blocks-container container mb-2\">\n\t\n\n<div class=\"wp-block-columns are-vertically-aligned-center is-layout-flex wp-container-core-columns-is-layout-9d6595d7 wp-block-columns-is-layout-flex\">\n<div class=\"wp-block-column is-vertically-aligned-center is-layout-flow wp-block-column-is-layout-flow\">\n<figure class=\"wp-block-image size-full\"><img loading=\"lazy\" decoding=\"async\" width=\"706\" height=\"500\" src=\"https:\/\/lunet.ca\/wp-content\/uploads\/2025\/10\/true_panache.jpg\" alt=\"\" class=\"wp-image-2539\" style=\"aspect-ratio:4\/3;object-fit:cover\" srcset=\"https:\/\/lunet.ca\/wp-content\/uploads\/2025\/10\/true_panache.jpg 706w, https:\/\/lunet.ca\/wp-content\/uploads\/2025\/10\/true_panache-300x212.jpg 300w, https:\/\/lunet.ca\/wp-content\/uploads\/2025\/10\/true_panache-18x12.jpg 18w\" sizes=\"auto, (max-width: 706px) 100vw, 706px\" \/><\/figure>\n<\/div>\n\n\n\n<div class=\"wp-block-column is-vertically-aligned-center is-layout-flow wp-block-column-is-layout-flow\" style=\"flex-basis:20px\"><\/div>\n\n\n\n<div class=\"wp-block-column is-vertically-aligned-center is-layout-flow wp-block-column-is-layout-flow\">\n<h2 class=\"wp-block-heading\">\u00c0 propos de nous<\/h2>\n\n\n\n<p>L\u00fcnet Espace Vision, c'est avant tout une histoire de mode. St\u00e9phane C\u00f4t\u00e9 et Nathalie Tremblay, tous deux opticiens depuis plus de 20 ans et passionn\u00e9s par le domaine de la lunetterie, ont voulu cr\u00e9er un concept diff\u00e9rent et unique. C'est \u00e0 travers leurs nombreux voyages \u00e0 travers le monde, notamment \u00e0 Paris, Milan, New York et Tokyo, capitales de la mode, que St\u00e9phane et Nathalie ont puis\u00e9 leur inspiration. Ils vous proposent aujourd'hui les plus grandes marques, des produits de qualit\u00e9 et des montures tendance.<\/p>\n<\/div>\n<\/div>\n\n\n\n<div style=\"height:50px\" aria-hidden=\"true\" class=\"wp-block-spacer\"><\/div>\n\n\n\n<div class=\"wp-block-columns are-vertically-aligned-center is-layout-flex wp-container-core-columns-is-layout-9d6595d7 wp-block-columns-is-layout-flex\">\n<div class=\"wp-block-column is-vertically-aligned-center is-layout-flow wp-block-column-is-layout-flow\">\n<h2 class=\"wp-block-heading\">Notre magasin<\/h2>\n\n\n\n<p>Le premier magasin L\u00fcnet Espace Vision, vaste et \u00e9pur\u00e9, a ouvert ses portes en 2012 dans le secteur Lebourgneuf, \u00e0 Qu\u00e9bec. Trois ans plus tard, c'est de l'autre c\u00f4t\u00e9 du fleuve qu'une deuxi\u00e8me succursale a \u00e9t\u00e9 ouverte au Carrefour St-Romuald, \u00e0 L\u00e9vis. En 2017, un troisi\u00e8me magasin a ouvert ses portes \u00e0 Blainville, dans les Laurentides.<\/p>\n\n\n\n<p>Avec plus de 3 500 montures, il va de soi que c'est chez L\u00fcnet Espace Vision que vous trouverez la monture de vos r\u00eaves !<\/p>\n<\/div>\n\n\n\n<div class=\"wp-block-column is-vertically-aligned-center is-layout-flow wp-block-column-is-layout-flow\" style=\"flex-basis:20px\"><\/div>\n\n\n\n<div class=\"wp-block-column is-vertically-aligned-center is-layout-flow wp-block-column-is-layout-flow\">\n<figure class=\"wp-block-image size-full\"><img loading=\"lazy\" decoding=\"async\" width=\"706\" height=\"500\" src=\"https:\/\/lunet.ca\/wp-content\/uploads\/2025\/10\/our_story_two.jpg\" alt=\"\" class=\"wp-image-2540\" style=\"aspect-ratio:4\/3;object-fit:cover\" srcset=\"https:\/\/lunet.ca\/wp-content\/uploads\/2025\/10\/our_story_two.jpg 706w, https:\/\/lunet.ca\/wp-content\/uploads\/2025\/10\/our_story_two-300x212.jpg 300w, https:\/\/lunet.ca\/wp-content\/uploads\/2025\/10\/our_story_two-18x12.jpg 18w\" sizes=\"auto, (max-width: 706px) 100vw, 706px\" \/><\/figure>\n<\/div>\n<\/div>\n\n<\/div>\n\n\n\n<div style=\"height:100px\" aria-hidden=\"true\" class=\"wp-block-spacer\"><\/div>","protected":false},"excerpt":{"rendered":"","protected":false},"author":1,"featured_media":0,"parent":0,"menu_order":0,"comment_status":"closed","ping_status":"closed","template":"","meta":{"_acf_changed":false,"footnotes":""},"class_list":["post-2537","page","type-page","status-publish","hentry"],"acf":[],"yoast_head":"<!-- This site is optimized with the Yoast SEO plugin v27.4 - https:\/\/yoast.com\/product\/yoast-seo-wordpress\/ -->\n<title>L\u00fcnet Espace Vision | Trendy Eyewear &amp; Expert Opticians in Quebec<\/title>\n<meta name=\"description\" content=\"Discover L\u00fcnet Espace Vision, a fashion-inspired eyewear boutique in Quebec. Explore top brands, trendy frames, and expert optician services in L\u00e9vis, Blainville, and Qu\u00e9bec City.\" \/>\n<meta name=\"robots\" content=\"index, follow, max-snippet:-1, max-image-preview:large, max-video-preview:-1\" \/>\n<link rel=\"canonical\" href=\"https:\/\/lunet.ca\/fr\/our-story\/\" \/>\n<meta property=\"og:locale\" content=\"fr_CA\" \/>\n<meta property=\"og:type\" content=\"article\" \/>\n<meta property=\"og:title\" content=\"L\u00fcnet Espace Vision | Trendy Eyewear &amp; Expert Opticians in Quebec\" \/>\n<meta property=\"og:description\" content=\"Discover L\u00fcnet Espace Vision, a fashion-inspired eyewear boutique in Quebec. Explore top brands, trendy frames, and expert optician services in L\u00e9vis, Blainville, and Qu\u00e9bec City.\" \/>\n<meta property=\"og:url\" content=\"https:\/\/lunet.ca\/fr\/our-story\/\" \/>\n<meta property=\"og:site_name\" content=\"Lun\u00ebt Espace Vision\" \/>\n<meta property=\"article:modified_time\" content=\"2025-10-17T16:45:54+00:00\" \/>\n<meta property=\"og:image\" content=\"https:\/\/lunet.ca\/wp-content\/uploads\/2025\/10\/download.jpg\" \/>\n\t<meta property=\"og:image:width\" content=\"1920\" \/>\n\t<meta property=\"og:image:height\" content=\"450\" \/>\n\t<meta property=\"og:image:type\" content=\"image\/jpeg\" \/>\n<meta name=\"twitter:card\" content=\"summary_large_image\" \/>\n<meta name=\"twitter:label1\" content=\"Estimation du temps de lecture\" \/>\n\t<meta name=\"twitter:data1\" content=\"2 minutes\" \/>\n<script type=\"application\/ld+json\" class=\"yoast-schema-graph\">{\"@context\":\"https:\\\/\\\/schema.org\",\"@graph\":[{\"@type\":\"WebPage\",\"@id\":\"https:\\\/\\\/lunet.ca\\\/our-story\\\/\",\"url\":\"https:\\\/\\\/lunet.ca\\\/our-story\\\/\",\"name\":\"L\u00fcnet Espace Vision | Trendy Eyewear & Expert Opticians in Quebec\",\"isPartOf\":{\"@id\":\"https:\\\/\\\/lunet.ca\\\/#website\"},\"primaryImageOfPage\":{\"@id\":\"https:\\\/\\\/lunet.ca\\\/our-story\\\/#primaryimage\"},\"image\":{\"@id\":\"https:\\\/\\\/lunet.ca\\\/our-story\\\/#primaryimage\"},\"thumbnailUrl\":\"https:\\\/\\\/lunet.ca\\\/wp-content\\\/uploads\\\/2025\\\/10\\\/download.jpg\",\"datePublished\":\"2025-10-17T13:58:09+00:00\",\"dateModified\":\"2025-10-17T16:45:54+00:00\",\"description\":\"Discover L\u00fcnet Espace Vision, a fashion-inspired eyewear boutique in Quebec. Explore top brands, trendy frames, and expert optician services in L\u00e9vis, Blainville, and Qu\u00e9bec City.\",\"breadcrumb\":{\"@id\":\"https:\\\/\\\/lunet.ca\\\/our-story\\\/#breadcrumb\"},\"inLanguage\":\"fr-CA\",\"potentialAction\":[{\"@type\":\"ReadAction\",\"target\":[\"https:\\\/\\\/lunet.ca\\\/our-story\\\/\"]}]},{\"@type\":\"ImageObject\",\"inLanguage\":\"fr-CA\",\"@id\":\"https:\\\/\\\/lunet.ca\\\/our-story\\\/#primaryimage\",\"url\":\"https:\\\/\\\/lunet.ca\\\/wp-content\\\/uploads\\\/2025\\\/10\\\/download.jpg\",\"contentUrl\":\"https:\\\/\\\/lunet.ca\\\/wp-content\\\/uploads\\\/2025\\\/10\\\/download.jpg\"},{\"@type\":\"BreadcrumbList\",\"@id\":\"https:\\\/\\\/lunet.ca\\\/our-story\\\/#breadcrumb\",\"itemListElement\":[{\"@type\":\"ListItem\",\"position\":1,\"name\":\"Home\",\"item\":\"https:\\\/\\\/lunet.ca\\\/\"},{\"@type\":\"ListItem\",\"position\":2,\"name\":\"Our Story\"}]},{\"@type\":\"WebSite\",\"@id\":\"https:\\\/\\\/lunet.ca\\\/#website\",\"url\":\"https:\\\/\\\/lunet.ca\\\/\",\"name\":\"Lun\u00ebt Espace Vision\",\"description\":\"Blainville, Levis, and Quebec\",\"potentialAction\":[{\"@type\":\"SearchAction\",\"target\":{\"@type\":\"EntryPoint\",\"urlTemplate\":\"https:\\\/\\\/lunet.ca\\\/?s={search_term_string}\"},\"query-input\":{\"@type\":\"PropertyValueSpecification\",\"valueRequired\":true,\"valueName\":\"search_term_string\"}}],\"inLanguage\":\"fr-CA\"}]}<\/script>\n<!-- \/ Yoast SEO plugin. -->","yoast_head_json":{"title":"L\u00fcnet Espace Vision | Lunettes branch\u00e9es et opticiens experts au Qu\u00e9bec","description":"D\u00e9couvrez L\u00fcnet Espace Vision, une boutique de lunettes d'inspiration mode au Qu\u00e9bec. D\u00e9couvrez les grandes marques, les montures tendance et les services d'un opticien expert \u00e0 L\u00e9vis, Blainville et Qu\u00e9bec.","robots":{"index":"index","follow":"follow","max-snippet":"max-snippet:-1","max-image-preview":"max-image-preview:large","max-video-preview":"max-video-preview:-1"},"canonical":"https:\/\/lunet.ca\/fr\/our-story\/","og_locale":"fr_CA","og_type":"article","og_title":"L\u00fcnet Espace Vision | Trendy Eyewear & Expert Opticians in Quebec","og_description":"Discover L\u00fcnet Espace Vision, a fashion-inspired eyewear boutique in Quebec. Explore top brands, trendy frames, and expert optician services in L\u00e9vis, Blainville, and Qu\u00e9bec City.","og_url":"https:\/\/lunet.ca\/fr\/our-story\/","og_site_name":"Lun\u00ebt Espace Vision","article_modified_time":"2025-10-17T16:45:54+00:00","og_image":[{"width":1920,"height":450,"url":"https:\/\/lunet.ca\/wp-content\/uploads\/2025\/10\/download.jpg","type":"image\/jpeg"}],"twitter_card":"summary_large_image","twitter_misc":{"Estimation du temps de lecture":"2 minutes"},"schema":{"@context":"https:\/\/schema.org","@graph":[{"@type":"WebPage","@id":"https:\/\/lunet.ca\/our-story\/","url":"https:\/\/lunet.ca\/our-story\/","name":"L\u00fcnet Espace Vision | Lunettes branch\u00e9es et opticiens experts au Qu\u00e9bec","isPartOf":{"@id":"https:\/\/lunet.ca\/#website"},"primaryImageOfPage":{"@id":"https:\/\/lunet.ca\/our-story\/#primaryimage"},"image":{"@id":"https:\/\/lunet.ca\/our-story\/#primaryimage"},"thumbnailUrl":"https:\/\/lunet.ca\/wp-content\/uploads\/2025\/10\/download.jpg","datePublished":"2025-10-17T13:58:09+00:00","dateModified":"2025-10-17T16:45:54+00:00","description":"D\u00e9couvrez L\u00fcnet Espace Vision, une boutique de lunettes d'inspiration mode au Qu\u00e9bec. D\u00e9couvrez les grandes marques, les montures tendance et les services d'un opticien expert \u00e0 L\u00e9vis, Blainville et Qu\u00e9bec.","breadcrumb":{"@id":"https:\/\/lunet.ca\/our-story\/#breadcrumb"},"inLanguage":"fr-CA","potentialAction":[{"@type":"ReadAction","target":["https:\/\/lunet.ca\/our-story\/"]}]},{"@type":"ImageObject","inLanguage":"fr-CA","@id":"https:\/\/lunet.ca\/our-story\/#primaryimage","url":"https:\/\/lunet.ca\/wp-content\/uploads\/2025\/10\/download.jpg","contentUrl":"https:\/\/lunet.ca\/wp-content\/uploads\/2025\/10\/download.jpg"},{"@type":"BreadcrumbList","@id":"https:\/\/lunet.ca\/our-story\/#breadcrumb","itemListElement":[{"@type":"ListItem","position":1,"name":"Home","item":"https:\/\/lunet.ca\/"},{"@type":"ListItem","position":2,"name":"Our Story"}]},{"@type":"WebSite","@id":"https:\/\/lunet.ca\/#website","url":"https:\/\/lunet.ca\/","name":"Lun\u00ebt Espace Vision","description":"Blainville, L\u00e9vis et Qu\u00e9bec","potentialAction":[{"@type":"SearchAction","target":{"@type":"EntryPoint","urlTemplate":"https:\/\/lunet.ca\/?s={search_term_string}"},"query-input":{"@type":"PropertyValueSpecification","valueRequired":true,"valueName":"search_term_string"}}],"inLanguage":"fr-CA"}]}},"_links":{"self":[{"href":"https:\/\/lunet.ca\/fr\/wp-json\/wp\/v2\/pages\/2537","targetHints":{"allow":["GET"]}}],"collection":[{"href":"https:\/\/lunet.ca\/fr\/wp-json\/wp\/v2\/pages"}],"about":[{"href":"https:\/\/lunet.ca\/fr\/wp-json\/wp\/v2\/types\/page"}],"author":[{"embeddable":true,"href":"https:\/\/lunet.ca\/fr\/wp-json\/wp\/v2\/users\/1"}],"replies":[{"embeddable":true,"href":"https:\/\/lunet.ca\/fr\/wp-json\/wp\/v2\/comments?post=2537"}],"version-history":[{"count":6,"href":"https:\/\/lunet.ca\/fr\/wp-json\/wp\/v2\/pages\/2537\/revisions"}],"predecessor-version":[{"id":2583,"href":"https:\/\/lunet.ca\/fr\/wp-json\/wp\/v2\/pages\/2537\/revisions\/2583"}],"wp:attachment":[{"href":"https:\/\/lunet.ca\/fr\/wp-json\/wp\/v2\/media?parent=2537"}],"curies":[{"name":"wp","href":"https:\/\/api.w.org\/{rel}","templated":true}]}}